{"id":958,"date":"2025-06-10T14:29:06","date_gmt":"2025-06-10T14:29:06","guid":{"rendered":"https:\/\/moonika.eu\/?post_type=product&#038;p=958"},"modified":"2025-12-04T20:45:18","modified_gmt":"2025-12-04T20:45:18","slug":"emme-mis-und-ma-tana-vaatan-beebide-uneraamat","status":"publish","type":"product","link":"https:\/\/moonika.eu\/en\/product\/emme-mis-und-ma-tana-vaatan-beebide-uneraamat\/","title":{"rendered":"Pappraamat &#8220;Emme, mis und ma t\u00e4na vaatan?&#8221; Poistele"},"content":{"rendered":"<p>See v\u00e4ike s\u00fcdamlik raamat aitab sul igal \u00f5htul oma lapsega koos unistada, luues kindla, armastava rituaali. Armsad, soojad illustratsioonid ja head s\u00f5nad saadavad lapse hellalt unele, pakkudes turvatunnet ja l\u00e4hedust.<\/p>\n<p><em>\u201cSa oled alati armastatud, ka siis, kui silmad on kinni \u2014 kui kogu maailm magab, ma armastan sind. Head und.\u201d<\/em><\/p>\n<p>See ei ole ainult beebiraamat. Alguses saab seda v\u00e4ikesele lapsele ette lugeda, hiljem loeb laps seda ise &#8211; s\u00fcdamega unejuttu, mis aitab rahuneda ja toob tuttavad, magusad unen\u00e4od. Nii saab raamat kasvada koos lapsega ja j\u00e4\u00e4da armsaks osaks tema \u00f5htusest rituaalist.<\/p>\n<p>&nbsp;<\/p>\n<p>Sobib h\u00e4sti:<\/p>\n<p>unejutuks beebist koolilapseni<\/p>\n<p>katsikukingiks pisikesele poisile<\/p>\n<p>igap\u00e4evaseks \u00f5htuseks rituaaliks ja hea une toojaks<\/p>\n<p>&nbsp;<\/p>\n<p>Formaat: tugevate lehtedega lasteraamat (pappraamat &#8211; boardbook)<\/p>\n<p>Vanus: alates beebieast kuni iseseisva lugemiseni. See raamat toob rahuliku une.<\/p>\n<p>&nbsp;<\/p>","protected":false},"excerpt":{"rendered":"<p>See v\u00e4ike s\u00fcdamlik raamat aitab sul igal \u00f5htul oma lapsega koos unistada, luues kindla, armastava rituaali. Armsad, soojad illustratsioonid ja head s\u00f5nad saadavad lapse hellalt unele, pakkudes turvatunnet ja l\u00e4hedust. [&hellip;]<\/p>","protected":false},"featured_media":959,"comment_status":"open","ping_status":"closed","template":"","meta":{"_EventAllDay":false,"_EventTimezone":"","_EventStartDate":"","_EventEndDate":"","_EventStartDateUTC":"","_EventEndDateUTC":"","_EventShowMap":false,"_EventShowMapLink":false,"_EventURL":"","_EventCost":"","_EventCostDescription":"","_EventCurrencySymbol":"","_EventCurrencyCode":"","_EventCurrencyPosition":"","_EventDateTimeSeparator":"","_EventTimeRangeSeparator":"","_EventOrganizerID":[],"_EventVenueID":[],"_OrganizerEmail":"","_OrganizerPhone":"","_OrganizerWebsite":"","_VenueAddress":"","_VenueCity":"","_VenueCountry":"","_VenueProvince":"","_VenueState":"","_VenueZip":"","_VenuePhone":"","_VenueURL":"","_VenueStateProvince":"","_VenueLat":"","_VenueLng":"","_VenueShowMap":false,"_VenueShowMapLink":false},"product_brand":[],"product_cat":[26],"product_tag":[],"class_list":{"0":"post-958","1":"product","2":"type-product","3":"status-publish","4":"has-post-thumbnail","6":"product_cat-raamatud-lastele","8":"first","9":"instock","10":"shipping-taxable","11":"purchasable","12":"product-type-simple"},"aioseo_notices":[],"jetpack_sharing_enabled":true,"_links":{"self":[{"href":"https:\/\/moonika.eu\/en\/wp-json\/wp\/v2\/product\/958","targetHints":{"allow":["GET"]}}],"collection":[{"href":"https:\/\/moonika.eu\/en\/wp-json\/wp\/v2\/product"}],"about":[{"href":"https:\/\/moonika.eu\/en\/wp-json\/wp\/v2\/types\/product"}],"replies":[{"embeddable":true,"href":"https:\/\/moonika.eu\/en\/wp-json\/wp\/v2\/comments?post=958"}],"wp:featuredmedia":[{"embeddable":true,"href":"https:\/\/moonika.eu\/en\/wp-json\/wp\/v2\/media\/959"}],"wp:attachment":[{"href":"https:\/\/moonika.eu\/en\/wp-json\/wp\/v2\/media?parent=958"}],"wp:term":[{"taxonomy":"product_brand","embeddable":true,"href":"https:\/\/moonika.eu\/en\/wp-json\/wp\/v2\/product_brand?post=958"},{"taxonomy":"product_cat","embeddable":true,"href":"https:\/\/moonika.eu\/en\/wp-json\/wp\/v2\/product_cat?post=958"},{"taxonomy":"product_tag","embeddable":true,"href":"https:\/\/moonika.eu\/en\/wp-json\/wp\/v2\/product_tag?post=958"}],"curies":[{"name":"wp","href":"https:\/\/api.w.org\/{rel}","templated":true}]}}