{"id":861,"date":"2025-05-13T17:57:47","date_gmt":"2025-05-13T17:57:47","guid":{"rendered":"https:\/\/moonika.eu\/?post_type=product&#038;p=861"},"modified":"2026-02-15T19:49:57","modified_gmt":"2026-02-15T19:49:57","slug":"lasteraamat-mimmi-ja-iia-seiklused-1-osa-kui-valgus-vaikib-e-raamat-pdf","status":"publish","type":"product","link":"https:\/\/moonika.eu\/en\/product\/lasteraamat-mimmi-ja-iia-seiklused-1-osa-kui-valgus-vaikib-e-raamat-pdf\/","title":{"rendered":"Lasteraamat \u201cMimmi ja Iia seiklused 1. osa \u2013 Kui valgus vaikib\u201d, e-raamat ( PDF )"},"content":{"rendered":"<p style=\"font-weight: 400;\"><em>Mis juhtub siis, kui valgus kaob ja maailm j\u00e4\u00e4b vaikseks?<\/em><\/p>\n<p style=\"font-weight: 400;\">\u00dchel varahommikul avastab haldjapiiga Mimmi, et tema parim s\u00f5ber \u2014 helendav valgusekoer Iia \u2014 on kadunud.<br \/>\nP\u00e4ike ei paista, linnud vaikivad ja kogu maailm n\u00e4ib olevat kaotanud oma hiilguse.<\/p>\n<p style=\"font-weight: 400;\">Ilma k\u00f5hklemata asub Mimmi teele, et leida \u00fcles Iia.<\/p>\n<p style=\"font-weight: 400;\"><em>Kuhu kadus valgusekoer Iia?<br \/>\nKes on salap\u00e4rased varjud, kellega kohtutakse?<br \/>\nJa mida peidab endas <\/em><em>maailm<\/em><em>, kuhu \u00fckski valguskiir ei ulatu?<\/em><\/p>\n<p style=\"font-weight: 400;\">Kui tahad teada, kas vaprad s\u00f5brad suudavad koos pimedusele vastu astuda \u2014 haara see raamat, r\u00e4nda koos Mimmi ja Iiaga.<\/p>\n<p style=\"font-weight: 400;\">P\u00f5nev ja \u00f5petlik lasteraamat neile, kes armastavad salap\u00e4rast maailma. Ja kellele meeldivad <em>Trollid<\/em>,\u00a0<em>Narnia lood<\/em>\u00a0v\u00f5i muud julged seiklused.<\/p>\n<p style=\"font-weight: 400;\">See on lugu s\u00f5prusest, julgusest ja endasse uskumisest.<\/p>\n<p style=\"font-weight: 400;\">Sobiv lastele vanusele 5+ ja ka t\u00e4iskasvanutele, kelle sees elab veel m\u00fcstikat uskuv laps.<\/p>\n<p>&nbsp;<\/p>\n<p class=\"\" data-start=\"665\" data-end=\"803\"><strong data-start=\"531\" data-end=\"587\">Tegemist on allalaaditava e-raamatuga PDF-vormingus.<\/strong><br data-start=\"587\" data-end=\"590\" \/>Raamatut saad lugeda oma arvutis, tahvlis v\u00f5i telefonis.<br data-start=\"648\" data-end=\"651\" \/>Faili saad kohe p\u00e4rast ostu alla laadida. Tr\u00fckiversioon ei kuulu komplekti.<\/p>\n<p class=\"\" data-start=\"665\" data-end=\"803\">P\u00e4rast ostu saad e-kirja, kus on allalaadimislink e-raamatule.<br data-start=\"1040\" data-end=\"1043\" \/><strong>Link kehtib 3 p\u00e4eva ja v\u00f5imaldab \u00fchekordset allalaadimist. <\/strong><\/p>\n<p>&nbsp;<\/p>","protected":false},"excerpt":{"rendered":"<p>Mis juhtub siis, kui valgus kaob ja maailm j\u00e4\u00e4b vaikseks? \u00dchel varahommikul avastab haldjapiiga Mimmi, et tema parim s\u00f5ber \u2014 helendav valgusekoer Iia \u2014 on kadunud. P\u00e4ike ei paista, linnud [&hellip;]<\/p>","protected":false},"featured_media":880,"comment_status":"open","ping_status":"closed","template":"","meta":{"_EventAllDay":false,"_EventTimezone":"","_EventStartDate":"","_EventEndDate":"","_EventStartDateUTC":"","_EventEndDateUTC":"","_EventShowMap":false,"_EventShowMapLink":false,"_EventURL":"","_EventCost":"","_EventCostDescription":"","_EventCurrencySymbol":"","_EventCurrencyCode":"","_EventCurrencyPosition":"","_EventDateTimeSeparator":"","_EventTimeRangeSeparator":"","_EventOrganizerID":[],"_EventVenueID":[],"_OrganizerEmail":"","_OrganizerPhone":"","_OrganizerWebsite":"","_VenueAddress":"","_VenueCity":"","_VenueCountry":"","_VenueProvince":"","_VenueState":"","_VenueZip":"","_VenuePhone":"","_VenueURL":"","_VenueStateProvince":"","_VenueLat":"","_VenueLng":"","_VenueShowMap":false,"_VenueShowMapLink":false},"product_brand":[],"product_cat":[26],"product_tag":[],"class_list":{"0":"post-861","1":"product","2":"type-product","3":"status-publish","4":"has-post-thumbnail","6":"product_cat-raamatud-lastele","8":"first","9":"instock","10":"downloadable","11":"virtual","12":"purchasable","13":"product-type-simple"},"aioseo_notices":[],"jetpack_sharing_enabled":true,"_links":{"self":[{"href":"https:\/\/moonika.eu\/en\/wp-json\/wp\/v2\/product\/861","targetHints":{"allow":["GET"]}}],"collection":[{"href":"https:\/\/moonika.eu\/en\/wp-json\/wp\/v2\/product"}],"about":[{"href":"https:\/\/moonika.eu\/en\/wp-json\/wp\/v2\/types\/product"}],"replies":[{"embeddable":true,"href":"https:\/\/moonika.eu\/en\/wp-json\/wp\/v2\/comments?post=861"}],"wp:featuredmedia":[{"embeddable":true,"href":"https:\/\/moonika.eu\/en\/wp-json\/wp\/v2\/media\/880"}],"wp:attachment":[{"href":"https:\/\/moonika.eu\/en\/wp-json\/wp\/v2\/media?parent=861"}],"wp:term":[{"taxonomy":"product_brand","embeddable":true,"href":"https:\/\/moonika.eu\/en\/wp-json\/wp\/v2\/product_brand?post=861"},{"taxonomy":"product_cat","embeddable":true,"href":"https:\/\/moonika.eu\/en\/wp-json\/wp\/v2\/product_cat?post=861"},{"taxonomy":"product_tag","embeddable":true,"href":"https:\/\/moonika.eu\/en\/wp-json\/wp\/v2\/product_tag?post=861"}],"curies":[{"name":"wp","href":"https:\/\/api.w.org\/{rel}","templated":true}]}}