{"id":694,"date":"2025-04-30T21:47:33","date_gmt":"2025-04-30T21:47:33","guid":{"rendered":"https:\/\/moonika.eu\/?post_type=product&#038;p=694"},"modified":"2026-02-15T20:00:57","modified_gmt":"2026-02-15T20:00:57","slug":"luuleraamat-ma-voin-sind-kaugelt-armastada-e-raamat-pdf","status":"publish","type":"product","link":"https:\/\/moonika.eu\/en\/product\/luuleraamat-ma-voin-sind-kaugelt-armastada-e-raamat-pdf\/","title":{"rendered":"Luuleraamat &#8220;Ma v\u00f5in Sind kaugelt armastada&#8221;, e-raamat (PDF)"},"content":{"rendered":"<p data-start=\"212\" data-end=\"386\"><strong>Romantiline luule kaugusest, s\u00fcdamemurdumisest ja v\u00e4lja \u00fctlemata tunnetest.<\/strong><\/p>\n<p data-start=\"212\" data-end=\"386\">Kunagi oli aeg, kus s\u00fcda tundis, aga suu vaikis.<br data-start=\"260\" data-end=\"263\" \/>S\u00f5nad elasid mu sees, kuni l\u00f5puks hakkasin neid vaikselt paberile panema. Ma ei teadnud, kas keegi kunagi neid ridu loeb.<\/p>\n<p data-start=\"388\" data-end=\"549\">Aastate jooksul kogunes lauasahtlisse hulgaliselt m\u00f5tteid ja tundeid \u2013 armastusest, valust, igatsusest ja endaks olemisest. T\u00e4na on osa neist saanud raamatuks. Paljud neist luuletustest on saanud ka lauludeks, kandes samu tundeid edasi teises vormis.<\/p>\n<p data-start=\"551\" data-end=\"779\">Kui oled kunagi armastanud kaugelt, igatsenud vaikides v\u00f5i kandnud endas s\u00f5nu, mida ei suutnud v\u00e4lja \u00f6elda, siis v\u00f5ib see raamat sind puudutada.<\/p>\n<p class=\"\" data-start=\"241\" data-end=\"468\"><strong data-start=\"531\" data-end=\"587\">Tegemist on allalaaditava e-raamatuga PDF-vormingus.<\/strong><\/p>\n<p class=\"\" data-start=\"665\" data-end=\"803\">Raamatut saad lugeda oma arvutis, tahvlis v\u00f5i telefonis.<br data-start=\"648\" data-end=\"651\" \/>Faili saad kohe p\u00e4rast ostu alla laadida.<\/p>\n<p class=\"\" data-start=\"665\" data-end=\"803\">Tr\u00fckiversioon ei kuulu komplekti.<\/p>\n<p class=\"\" data-start=\"665\" data-end=\"803\"><strong>Link kehtib 3 p\u00e4eva ja v\u00f5imaldab \u00fchekordset allalaadimist. <\/strong><\/p>\n<p class=\"\" data-start=\"665\" data-end=\"803\">Digiraamat PDF-vormingus<br data-start=\"1343\" data-end=\"1346\" \/>60 lehek\u00fclge luuletusi s\u00fcdamest<\/p>\n<p data-start=\"665\" data-end=\"803\">","protected":false},"excerpt":{"rendered":"<p>Romantiline luule kaugusest, s\u00fcdamemurdumisest ja v\u00e4lja \u00fctlemata tunnetest. Kunagi oli aeg, kus s\u00fcda tundis, aga suu vaikis.S\u00f5nad elasid mu sees, kuni l\u00f5puks hakkasin neid vaikselt paberile panema. Ma ei teadnud, [&hellip;]<\/p>","protected":false},"featured_media":860,"comment_status":"open","ping_status":"closed","template":"","meta":{"_EventAllDay":false,"_EventTimezone":"","_EventStartDate":"","_EventEndDate":"","_EventStartDateUTC":"","_EventEndDateUTC":"","_EventShowMap":false,"_EventShowMapLink":false,"_EventURL":"","_EventCost":"","_EventCostDescription":"","_EventCurrencySymbol":"","_EventCurrencyCode":"","_EventCurrencyPosition":"","_EventDateTimeSeparator":"","_EventTimeRangeSeparator":"","_EventOrganizerID":[],"_EventVenueID":[],"_OrganizerEmail":"","_OrganizerPhone":"","_OrganizerWebsite":"","_VenueAddress":"","_VenueCity":"","_VenueCountry":"","_VenueProvince":"","_VenueState":"","_VenueZip":"","_VenuePhone":"","_VenueURL":"","_VenueStateProvince":"","_VenueLat":"","_VenueLng":"","_VenueShowMap":false,"_VenueShowMapLink":false},"product_brand":[],"product_cat":[34],"product_tag":[],"class_list":{"0":"post-694","1":"product","2":"type-product","3":"status-publish","4":"has-post-thumbnail","6":"product_cat-raamatud-suurtele","8":"first","9":"instock","10":"downloadable","11":"virtual","12":"purchasable","13":"product-type-simple"},"aioseo_notices":[],"jetpack_sharing_enabled":true,"_links":{"self":[{"href":"https:\/\/moonika.eu\/en\/wp-json\/wp\/v2\/product\/694","targetHints":{"allow":["GET"]}}],"collection":[{"href":"https:\/\/moonika.eu\/en\/wp-json\/wp\/v2\/product"}],"about":[{"href":"https:\/\/moonika.eu\/en\/wp-json\/wp\/v2\/types\/product"}],"replies":[{"embeddable":true,"href":"https:\/\/moonika.eu\/en\/wp-json\/wp\/v2\/comments?post=694"}],"wp:featuredmedia":[{"embeddable":true,"href":"https:\/\/moonika.eu\/en\/wp-json\/wp\/v2\/media\/860"}],"wp:attachment":[{"href":"https:\/\/moonika.eu\/en\/wp-json\/wp\/v2\/media?parent=694"}],"wp:term":[{"taxonomy":"product_brand","embeddable":true,"href":"https:\/\/moonika.eu\/en\/wp-json\/wp\/v2\/product_brand?post=694"},{"taxonomy":"product_cat","embeddable":true,"href":"https:\/\/moonika.eu\/en\/wp-json\/wp\/v2\/product_cat?post=694"},{"taxonomy":"product_tag","embeddable":true,"href":"https:\/\/moonika.eu\/en\/wp-json\/wp\/v2\/product_tag?post=694"}],"curies":[{"name":"wp","href":"https:\/\/api.w.org\/{rel}","templated":true}]}}