{"id":53,"date":"2025-03-19T16:35:31","date_gmt":"2025-03-19T16:35:31","guid":{"rendered":"https:\/\/looming.gemmon.ee\/toode\/raamat-inspiratsiooni-allikad\/"},"modified":"2025-12-10T17:39:11","modified_gmt":"2025-12-10T17:39:11","slug":"lasteraamat-mimmi-ja-iia-seiklused","status":"publish","type":"product","link":"https:\/\/moonika.eu\/en\/product\/lasteraamat-mimmi-ja-iia-seiklused\/","title":{"rendered":"Lasteraamat &#8220;Mimmi ja Iia seiklused 1. osa &#8211; Kui valgus vaikib&#8221;"},"content":{"rendered":"<p style=\"font-weight: 400;\"><em>Mis juhtub siis, kui valgus kaob ja maailm j\u00e4\u00e4b vaikseks?<\/em><\/p>\n<p style=\"font-weight: 400;\">\u00dchel varahommikul avastab haldjapiiga Mimmi, et tema parim s\u00f5ber \u2014 helendav valgusekoer Iia \u2014 on kadunud.<br \/>\nP\u00e4ike ei paista, linnud vaikivad ja kogu maailm n\u00e4ib olevat kaotanud oma hiilguse.<\/p>\n<p style=\"font-weight: 400;\">Ilma k\u00f5hklemata asub Mimmi teele, et leida \u00fcles Iia.<\/p>\n<p style=\"font-weight: 400;\"><em>Kuhu kadus valgusekoer Iia?<br \/>\nKes on salap\u00e4rased varjud, kellega kohtutakse?<br \/>\nJa mida peidab endas <\/em><em>maailm<\/em><em>, kuhu \u00fckski valguskiir ei ulatu?<\/em><\/p>\n<p style=\"font-weight: 400;\">Kui tahad teada, kas vaprad s\u00f5brad suudavad koos pimedusele vastu astuda \u2014 haara see raamat, r\u00e4nda koos Mimmi ja Iiaga.<\/p>\n<p style=\"font-weight: 400;\">P\u00f5nev ja \u00f5petlik lasteraamat neile, kes armastavad salap\u00e4rast maailma. Ja kellele meeldivad <em>Trollid<\/em>,\u00a0<em>Narnia lood<\/em>\u00a0v\u00f5i muud julged seiklused.<\/p>\n<p style=\"font-weight: 400;\">See on lugu s\u00f5prusest, julgusest ja endasse uskumisest.<\/p>\n<p style=\"font-weight: 400;\">Sobiv lastele vanusele 5+ ja ka t\u00e4iskasvanutele, kelle sees elab veel m\u00fcstikat uskuv laps.<\/p>\n<p data-start=\"1175\" data-end=\"1215\">Pehmekaaneline, v\u00e4rviline, 60 lehek\u00fclge.<\/p>\n<p>&nbsp;<\/p>","protected":false},"excerpt":{"rendered":"<p>Mis juhtub siis, kui valgus kaob ja maailm j\u00e4\u00e4b vaikseks? \u00dchel varahommikul avastab haldjapiiga Mimmi, et tema parim s\u00f5ber \u2014 helendav valgusekoer Iia \u2014 on kadunud. P\u00e4ike ei paista, linnud [&hellip;]<\/p>","protected":false},"featured_media":881,"comment_status":"open","ping_status":"closed","template":"","meta":{"_EventAllDay":false,"_EventTimezone":"","_EventStartDate":"","_EventEndDate":"","_EventStartDateUTC":"","_EventEndDateUTC":"","_EventShowMap":false,"_EventShowMapLink":false,"_EventURL":"","_EventCost":"","_EventCostDescription":"","_EventCurrencySymbol":"","_EventCurrencyCode":"","_EventCurrencyPosition":"","_EventDateTimeSeparator":"","_EventTimeRangeSeparator":"","_EventOrganizerID":[],"_EventVenueID":[],"_OrganizerEmail":"","_OrganizerPhone":"","_OrganizerWebsite":"","_VenueAddress":"","_VenueCity":"","_VenueCountry":"","_VenueProvince":"","_VenueState":"","_VenueZip":"","_VenuePhone":"","_VenueURL":"","_VenueStateProvince":"","_VenueLat":"","_VenueLng":"","_VenueShowMap":false,"_VenueShowMapLink":false},"product_brand":[],"product_cat":[26],"product_tag":[],"class_list":{"0":"post-53","1":"product","2":"type-product","3":"status-publish","4":"has-post-thumbnail","6":"product_cat-raamatud-lastele","8":"first","9":"instock","10":"shipping-taxable","11":"purchasable","12":"product-type-simple"},"aioseo_notices":[],"jetpack_sharing_enabled":true,"_links":{"self":[{"href":"https:\/\/moonika.eu\/en\/wp-json\/wp\/v2\/product\/53","targetHints":{"allow":["GET"]}}],"collection":[{"href":"https:\/\/moonika.eu\/en\/wp-json\/wp\/v2\/product"}],"about":[{"href":"https:\/\/moonika.eu\/en\/wp-json\/wp\/v2\/types\/product"}],"replies":[{"embeddable":true,"href":"https:\/\/moonika.eu\/en\/wp-json\/wp\/v2\/comments?post=53"}],"wp:featuredmedia":[{"embeddable":true,"href":"https:\/\/moonika.eu\/en\/wp-json\/wp\/v2\/media\/881"}],"wp:attachment":[{"href":"https:\/\/moonika.eu\/en\/wp-json\/wp\/v2\/media?parent=53"}],"wp:term":[{"taxonomy":"product_brand","embeddable":true,"href":"https:\/\/moonika.eu\/en\/wp-json\/wp\/v2\/product_brand?post=53"},{"taxonomy":"product_cat","embeddable":true,"href":"https:\/\/moonika.eu\/en\/wp-json\/wp\/v2\/product_cat?post=53"},{"taxonomy":"product_tag","embeddable":true,"href":"https:\/\/moonika.eu\/en\/wp-json\/wp\/v2\/product_tag?post=53"}],"curies":[{"name":"wp","href":"https:\/\/api.w.org\/{rel}","templated":true}]}}