{"id":47,"date":"2025-03-19T16:35:31","date_gmt":"2025-03-19T16:35:31","guid":{"rendered":"https:\/\/looming.gemmon.ee\/toode\/luulekogu-sudamest-sudameni\/"},"modified":"2026-02-15T20:01:32","modified_gmt":"2026-02-15T20:01:32","slug":"luulekogu-ma-voin-sind-kaugelt-armastada","status":"publish","type":"product","link":"https:\/\/moonika.eu\/en\/product\/luulekogu-ma-voin-sind-kaugelt-armastada\/","title":{"rendered":"Luuleraamat &#8220;Ma v\u00f5in Sind kaugelt armastada&#8221;"},"content":{"rendered":"<p data-start=\"212\" data-end=\"386\"><strong>Romantiline luule kaugusest, s\u00fcdamemurdumisest ja v\u00e4lja \u00fctlemata tunnetest.<\/strong><\/p>\n<p data-start=\"212\" data-end=\"386\">Kunagi oli aeg, kus s\u00fcda tundis, aga suu vaikis.<br data-start=\"260\" data-end=\"263\" \/>S\u00f5nad elasid mu sees, kuni l\u00f5puks hakkasin neid vaikselt paberile panema. Ma ei teadnud, kas keegi kunagi neid ridu loeb.<\/p>\n<p data-start=\"388\" data-end=\"549\">Aastate jooksul kogunes lauasahtlisse hulgaliselt m\u00f5tteid ja tundeid \u2013 armastusest, valust, igatsusest ja endaks olemisest. T\u00e4na on osa neist saanud raamatuks. Paljud neist luuletustest on saanud ka lauludeks, kandes samu tundeid edasi teises vormis.<\/p>\n<p data-start=\"551\" data-end=\"779\">Kui oled kunagi armastanud kaugelt, igatsenud vaikides v\u00f5i kandnud endas s\u00f5nu, mida ei suutnud v\u00e4lja \u00f6elda, siis v\u00f5ib see raamat sind puudutada.<\/p>\n<p><strong>Pehmekaaneline, mustvalge sisu, 60 lehek\u00fclge.<\/strong><\/p>\n<p>&nbsp;<\/p>\n<p>&nbsp;<\/p>","protected":false},"excerpt":{"rendered":"<p>Romantiline luule kaugusest, s\u00fcdamemurdumisest ja v\u00e4lja \u00fctlemata tunnetest. Kunagi oli aeg, kus s\u00fcda tundis, aga suu vaikis.S\u00f5nad elasid mu sees, kuni l\u00f5puks hakkasin neid vaikselt paberile panema. Ma ei teadnud, [&hellip;]<\/p>","protected":false},"featured_media":558,"comment_status":"open","ping_status":"closed","template":"","meta":{"_EventAllDay":false,"_EventTimezone":"","_EventStartDate":"","_EventEndDate":"","_EventStartDateUTC":"","_EventEndDateUTC":"","_EventShowMap":false,"_EventShowMapLink":false,"_EventURL":"","_EventCost":"","_EventCostDescription":"","_EventCurrencySymbol":"","_EventCurrencyCode":"","_EventCurrencyPosition":"","_EventDateTimeSeparator":"","_EventTimeRangeSeparator":"","_EventOrganizerID":[],"_EventVenueID":[],"_OrganizerEmail":"","_OrganizerPhone":"","_OrganizerWebsite":"","_VenueAddress":"","_VenueCity":"","_VenueCountry":"","_VenueProvince":"","_VenueState":"","_VenueZip":"","_VenuePhone":"","_VenueURL":"","_VenueStateProvince":"","_VenueLat":"","_VenueLng":"","_VenueShowMap":false,"_VenueShowMapLink":false},"product_brand":[],"product_cat":[34],"product_tag":[],"class_list":{"0":"post-47","1":"product","2":"type-product","3":"status-publish","4":"has-post-thumbnail","6":"product_cat-raamatud-suurtele","8":"first","9":"instock","10":"shipping-taxable","11":"purchasable","12":"product-type-simple"},"aioseo_notices":[],"jetpack_sharing_enabled":true,"_links":{"self":[{"href":"https:\/\/moonika.eu\/en\/wp-json\/wp\/v2\/product\/47","targetHints":{"allow":["GET"]}}],"collection":[{"href":"https:\/\/moonika.eu\/en\/wp-json\/wp\/v2\/product"}],"about":[{"href":"https:\/\/moonika.eu\/en\/wp-json\/wp\/v2\/types\/product"}],"replies":[{"embeddable":true,"href":"https:\/\/moonika.eu\/en\/wp-json\/wp\/v2\/comments?post=47"}],"wp:featuredmedia":[{"embeddable":true,"href":"https:\/\/moonika.eu\/en\/wp-json\/wp\/v2\/media\/558"}],"wp:attachment":[{"href":"https:\/\/moonika.eu\/en\/wp-json\/wp\/v2\/media?parent=47"}],"wp:term":[{"taxonomy":"product_brand","embeddable":true,"href":"https:\/\/moonika.eu\/en\/wp-json\/wp\/v2\/product_brand?post=47"},{"taxonomy":"product_cat","embeddable":true,"href":"https:\/\/moonika.eu\/en\/wp-json\/wp\/v2\/product_cat?post=47"},{"taxonomy":"product_tag","embeddable":true,"href":"https:\/\/moonika.eu\/en\/wp-json\/wp\/v2\/product_tag?post=47"}],"curies":[{"name":"wp","href":"https:\/\/api.w.org\/{rel}","templated":true}]}}