{"id":1285,"date":"2026-02-15T19:43:13","date_gmt":"2026-02-15T19:43:13","guid":{"rendered":"https:\/\/moonika.eu\/?post_type=product&#038;p=1285"},"modified":"2026-02-16T13:47:20","modified_gmt":"2026-02-16T13:47:20","slug":"stylish-men-detailne-varvimisraamat-pdf-60-lk-inglise-tekstiga","status":"publish","type":"product","link":"https:\/\/moonika.eu\/en\/product\/stylish-men-detailne-varvimisraamat-pdf-60-lk-inglise-tekstiga\/","title":{"rendered":"Stylish Men &#8211; inspireeriv v\u00e4rvimisraamat (PDF, 60 lk)"},"content":{"rendered":"<div class=\"wp-block-woocommerce-product-details alignwide is-style-minimal\" data-block-name=\"woocommerce\/product-details\" data-style=\"{&quot;spacing&quot;:{&quot;margin&quot;:{&quot;bottom&quot;:&quot;var:preset|spacing|40&quot;}}}\">\n<div class=\"woocommerce-tabs wc-tabs-wrapper\">\n<div id=\"tab-description\" class=\"woocommerce-Tabs-panel woocommerce-Tabs-panel--description panel entry-content wc-tab\" role=\"tabpanel\" aria-labelledby=\"tab-title-description\">\n<p data-start=\"221\" data-end=\"354\">See v\u00e4rvimisraamat on loodud rahulikeks hetkedeks iseendaga &#8211; aeg korraks tempo maha v\u00f5tta, m\u00f5tted paika saada ja keskenduda hetkele.<\/p>\n<p data-start=\"356\" data-end=\"528\">Raamat sisaldab mandalaid, mehiseid kujutisi ning inspireerivate s\u00f5numitega v\u00e4rvitavaid lehti.<\/p>\n<p data-start=\"530\" data-end=\"695\">Sobib k\u00f5igile, kes naudivad loovat tegevust &#8211; nii meestele kui ka naistele.<\/p>\n<p data-start=\"885\" data-end=\"901\">V\u00e4rvimine aitab:<\/p>\n<ul data-start=\"902\" data-end=\"983\">\n<li data-start=\"902\" data-end=\"914\">\n<p data-start=\"904\" data-end=\"914\">rahuneda<\/p>\n<\/li>\n<li data-start=\"915\" data-end=\"935\">\n<p data-start=\"917\" data-end=\"935\">maandada stressi<\/p>\n<\/li>\n<li data-start=\"936\" data-end=\"958\">\n<p data-start=\"938\" data-end=\"958\">keskenduda hetkele<\/p>\n<\/li>\n<li data-start=\"959\" data-end=\"983\">\n<p data-start=\"961\" data-end=\"983\">v\u00f5tta aega iseendale<\/p>\n<\/li>\n<\/ul>\n<p>V\u00e4rvimisraamatus on: 60 v\u00e4rvimislehte<\/p>\n<p>NB! V\u00e4rvimislehtedel olevad tekstid on inglise keeles.<\/p>\n<h3 data-start=\"347\" data-end=\"382\">Miks on PDF-versioon hea valik?<\/h3>\n<p data-start=\"384\" data-end=\"467\">Digitaalne v\u00e4rvimisraamat annab sulle vabaduse kasutada seda just nii palju, nagu soovid.<\/p>\n<p data-start=\"469\" data-end=\"477\">Sa saad:<\/p>\n<ul data-start=\"478\" data-end=\"650\">\n<li data-start=\"478\" data-end=\"513\">\n<p data-start=\"480\" data-end=\"513\">printida lehti uuesti ja uuesti<\/p>\n<\/li>\n<li data-start=\"514\" data-end=\"551\">\n<p data-start=\"516\" data-end=\"551\">proovida erinevaid v\u00e4rvilahendusi<\/p>\n<\/li>\n<li data-start=\"552\" data-end=\"585\">\n<p data-start=\"554\" data-end=\"585\">v\u00e4rvida sama pilti mitu korda<\/p>\n<\/li>\n<li data-start=\"586\" data-end=\"650\">\n<p data-start=\"588\" data-end=\"650\">printida ainult need lehed, mis sulle k\u00f5ige rohkem meeldivad<\/p>\n<\/li>\n<\/ul>\n<p data-start=\"652\" data-end=\"751\">Erinevalt tavalisest v\u00e4rvimisraamatust ei saa see \u201eotsa\u201c \u2013 saad seda kasutada nii kaua, kui soovid.<\/p>\n<p>&nbsp;<\/p>\n<p data-start=\"236\" data-end=\"270\">Tegu on digitaalse tootega (PDF)<\/p>\n<p data-start=\"273\" data-end=\"310\">P\u00e4rast ostu saab faili kohe alla laadida<\/p>\n<p data-start=\"313\" data-end=\"347\">Allalaadimine on v\u00f5imalik 1 kord<\/p>\n<p data-start=\"350\" data-end=\"391\">Link kehtib 3 p\u00e4eva alates ostu hetkest<\/p>\n<p data-start=\"1140\" data-end=\"1231\">\n<\/div>\n<\/div>\n<\/div>","protected":false},"excerpt":{"rendered":"<p>See v\u00e4rvimisraamat on loodud rahulikeks hetkedeks iseendaga &#8211; aeg korraks tempo maha v\u00f5tta, m\u00f5tted paika saada ja keskenduda hetkele. Raamat sisaldab mandalaid, mehiseid kujutisi ning inspireerivate s\u00f5numitega v\u00e4rvitavaid lehti. Sobib [&hellip;]<\/p>","protected":false},"featured_media":1287,"comment_status":"open","ping_status":"closed","template":"","meta":{"_EventAllDay":false,"_EventTimezone":"","_EventStartDate":"","_EventEndDate":"","_EventStartDateUTC":"","_EventEndDateUTC":"","_EventShowMap":false,"_EventShowMapLink":false,"_EventURL":"","_EventCost":"","_EventCostDescription":"","_EventCurrencySymbol":"","_EventCurrencyCode":"","_EventCurrencyPosition":"","_EventDateTimeSeparator":"","_EventTimeRangeSeparator":"","_EventOrganizerID":[],"_EventVenueID":[],"_OrganizerEmail":"","_OrganizerPhone":"","_OrganizerWebsite":"","_VenueAddress":"","_VenueCity":"","_VenueCountry":"","_VenueProvince":"","_VenueState":"","_VenueZip":"","_VenuePhone":"","_VenueURL":"","_VenueStateProvince":"","_VenueLat":"","_VenueLng":"","_VenueShowMap":false,"_VenueShowMapLink":false},"product_brand":[],"product_cat":[18,33,34],"product_tag":[],"class_list":{"0":"post-1285","1":"product","2":"type-product","3":"status-publish","4":"has-post-thumbnail","6":"product_cat-pood","7":"product_cat-raamatud","8":"product_cat-raamatud-suurtele","10":"first","11":"instock","12":"downloadable","13":"virtual","14":"purchasable","15":"product-type-simple"},"aioseo_notices":[],"jetpack_sharing_enabled":true,"_links":{"self":[{"href":"https:\/\/moonika.eu\/en\/wp-json\/wp\/v2\/product\/1285","targetHints":{"allow":["GET"]}}],"collection":[{"href":"https:\/\/moonika.eu\/en\/wp-json\/wp\/v2\/product"}],"about":[{"href":"https:\/\/moonika.eu\/en\/wp-json\/wp\/v2\/types\/product"}],"replies":[{"embeddable":true,"href":"https:\/\/moonika.eu\/en\/wp-json\/wp\/v2\/comments?post=1285"}],"wp:featuredmedia":[{"embeddable":true,"href":"https:\/\/moonika.eu\/en\/wp-json\/wp\/v2\/media\/1287"}],"wp:attachment":[{"href":"https:\/\/moonika.eu\/en\/wp-json\/wp\/v2\/media?parent=1285"}],"wp:term":[{"taxonomy":"product_brand","embeddable":true,"href":"https:\/\/moonika.eu\/en\/wp-json\/wp\/v2\/product_brand?post=1285"},{"taxonomy":"product_cat","embeddable":true,"href":"https:\/\/moonika.eu\/en\/wp-json\/wp\/v2\/product_cat?post=1285"},{"taxonomy":"product_tag","embeddable":true,"href":"https:\/\/moonika.eu\/en\/wp-json\/wp\/v2\/product_tag?post=1285"}],"curies":[{"name":"wp","href":"https:\/\/api.w.org\/{rel}","templated":true}]}}