{"id":1147,"date":"2025-08-31T17:17:20","date_gmt":"2025-08-31T17:17:20","guid":{"rendered":"https:\/\/moonika.eu\/?post_type=product&#038;p=1147"},"modified":"2025-12-04T20:38:00","modified_gmt":"2025-12-04T20:38:00","slug":"komplekt-kingitus-vaikesele-printsile","status":"publish","type":"product","link":"https:\/\/moonika.eu\/en\/product\/komplekt-kingitus-vaikesele-printsile\/","title":{"rendered":"Komplekt \u201eKingitus v\u00e4ikesele printsile\u201c"},"content":{"rendered":"<p data-start=\"234\" data-end=\"440\">See eriline komplekt koosneb armsast pildiga kruusist, millel on kiri: <em>\u201eSinu s\u00fcnniga sain teada, kui palju armastust mu s\u00fcdamesse mahub\u201c <\/em>ja uneraamatust &#8220;<em data-start=\"395\" data-end=\"426\">Emme, mis und ma t\u00e4na vaatan?<\/em> &#8220;<\/p>\n<p data-start=\"442\" data-end=\"608\">Kruus valmistatakse eritellimusel. Iga kord, kui seda k\u00e4es hoiad, meenub ime, mis algas lapse s\u00fcnniga \u2013 tunne, mis mahub s\u00fcdamesse rohkem, kui s\u00f5nadesse panna saab.<\/p>\n<p data-start=\"610\" data-end=\"905\">Raamatus on s\u00fcdantsoojendavad pisikesed unesoovid, mis loovad turvatunde ja aitavad kujundada igap\u00e4evase \u00f5htuse rituaali. Neid v\u00f5ib beebile ette lugeda ja hiljem loeb laps juba ise \u2013 nii kasvab raamat koos lapsega. Armsad illustratsioonid ja hellad s\u00f5nad saadavad lapse unele armastuse saatel.<\/p>\n<p data-start=\"907\" data-end=\"1081\">See komplekt sobib ideaalselt:<br data-start=\"937\" data-end=\"940\" \/>\u2013 katsikukingiks v\u00e4ikesele printsile<br data-start=\"976\" data-end=\"979\" \/>\u2013 s\u00fcnnip\u00e4evaks v\u00f5i eriliseks t\u00e4histamiseks<br data-start=\"1021\" data-end=\"1024\" \/>\u2013 igap\u00e4evaseks unehetkeks, mis j\u00e4\u00e4b armsaks m\u00e4lestuseks<\/p>\n<p data-start=\"1083\" data-end=\"1288\"><strong data-start=\"1083\" data-end=\"1093\">Kruus:<\/strong><br data-start=\"1093\" data-end=\"1096\" \/>\u2013 Valge kvaliteetne keraamiline kruus<br data-start=\"1133\" data-end=\"1136\" \/>\u2013 K\u00f5rgus 9,5 cm<br data-start=\"1151\" data-end=\"1154\" \/>\u2013 Sublimatsioonitr\u00fckk (kestev v\u00e4rv)<br data-start=\"1189\" data-end=\"1192\" \/>\u2013 V\u00f5ib pesta n\u00f5udepesumasinas, kuid soovitame k\u00e4sipesu<br data-start=\"1246\" data-end=\"1249\" \/>\u2013 Valmimisaeg 5\u20137 t\u00f6\u00f6p\u00e4eva + saatmine<\/p>\n<p data-start=\"1290\" data-end=\"1387\"><strong data-start=\"1290\" data-end=\"1301\">Raamat:<\/strong><br data-start=\"1301\" data-end=\"1304\" \/>\u2013 Formaat: tugevate lehtedega pappraamat (boardbook)<br data-start=\"1356\" data-end=\"1359\" \/>\u2013 Vanus: beebist koolieani<\/p>\n<p data-start=\"1389\" data-end=\"1504\">See on kingitus, mis paneb v\u00e4ikese printsi silmad s\u00e4rama ja s\u00fcdame tundma, et ta on alati hoitud ja armastatud.<\/p>\n<hr data-start=\"1506\" data-end=\"1509\" \/>","protected":false},"excerpt":{"rendered":"<p>See eriline komplekt koosneb armsast pildiga kruusist, millel on kiri: \u201eSinu s\u00fcnniga sain teada, kui palju armastust mu s\u00fcdamesse mahub\u201c ja uneraamatust &#8220;Emme, mis und ma t\u00e4na vaatan? &#8220; Kruus [&hellip;]<\/p>","protected":false},"featured_media":1159,"comment_status":"open","ping_status":"closed","template":"","meta":{"_EventAllDay":false,"_EventTimezone":"","_EventStartDate":"","_EventEndDate":"","_EventStartDateUTC":"","_EventEndDateUTC":"","_EventShowMap":false,"_EventShowMapLink":false,"_EventURL":"","_EventCost":"","_EventCostDescription":"","_EventCurrencySymbol":"","_EventCurrencyCode":"","_EventCurrencyPosition":"","_EventDateTimeSeparator":"","_EventTimeRangeSeparator":"","_EventOrganizerID":[],"_EventVenueID":[],"_OrganizerEmail":"","_OrganizerPhone":"","_OrganizerWebsite":"","_VenueAddress":"","_VenueCity":"","_VenueCountry":"","_VenueProvince":"","_VenueState":"","_VenueZip":"","_VenuePhone":"","_VenueURL":"","_VenueStateProvince":"","_VenueLat":"","_VenueLng":"","_VenueShowMap":false,"_VenueShowMapLink":false},"product_brand":[],"product_cat":[32],"product_tag":[],"class_list":{"0":"post-1147","1":"product","2":"type-product","3":"status-publish","4":"has-post-thumbnail","6":"product_cat-komplektid-ja-kingitused","8":"first","9":"outofstock","10":"shipping-taxable","11":"purchasable","12":"product-type-simple"},"aioseo_notices":[],"jetpack_sharing_enabled":true,"_links":{"self":[{"href":"https:\/\/moonika.eu\/en\/wp-json\/wp\/v2\/product\/1147","targetHints":{"allow":["GET"]}}],"collection":[{"href":"https:\/\/moonika.eu\/en\/wp-json\/wp\/v2\/product"}],"about":[{"href":"https:\/\/moonika.eu\/en\/wp-json\/wp\/v2\/types\/product"}],"replies":[{"embeddable":true,"href":"https:\/\/moonika.eu\/en\/wp-json\/wp\/v2\/comments?post=1147"}],"wp:featuredmedia":[{"embeddable":true,"href":"https:\/\/moonika.eu\/en\/wp-json\/wp\/v2\/media\/1159"}],"wp:attachment":[{"href":"https:\/\/moonika.eu\/en\/wp-json\/wp\/v2\/media?parent=1147"}],"wp:term":[{"taxonomy":"product_brand","embeddable":true,"href":"https:\/\/moonika.eu\/en\/wp-json\/wp\/v2\/product_brand?post=1147"},{"taxonomy":"product_cat","embeddable":true,"href":"https:\/\/moonika.eu\/en\/wp-json\/wp\/v2\/product_cat?post=1147"},{"taxonomy":"product_tag","embeddable":true,"href":"https:\/\/moonika.eu\/en\/wp-json\/wp\/v2\/product_tag?post=1147"}],"curies":[{"name":"wp","href":"https:\/\/api.w.org\/{rel}","templated":true}]}}