{"id":1143,"date":"2025-08-31T17:10:07","date_gmt":"2025-08-31T17:10:07","guid":{"rendered":"https:\/\/moonika.eu\/?post_type=product&#038;p=1143"},"modified":"2025-09-16T10:06:27","modified_gmt":"2025-09-16T10:06:27","slug":"komplekt-kingitus-printsessile","status":"publish","type":"product","link":"https:\/\/moonika.eu\/en\/product\/komplekt-kingitus-printsessile\/","title":{"rendered":"Komplekt \u201eKingitus printsessile\u201c"},"content":{"rendered":"<p data-start=\"265\" data-end=\"412\">See eriline komplekt koosneb armsast pildiga kruusist, millel on kiri: <em>\u201eSinuga algas mu elu k\u00f5ige ilusam peat\u00fckk\u201c<\/em> ja uneraamatust &#8220;<em data-start=\"378\" data-end=\"409\">Emme, mis und ma t\u00e4na vaatan?&#8221;<\/em><\/p>\n<p data-start=\"414\" data-end=\"581\">Kruus valmistatakse eritellimusel. Iga kord, kui seda k\u00e4es hoiad, meenub v\u00e4ike ime, kellega su elu algas k\u00f5ige ilusamal moel.<\/p>\n<p data-start=\"583\" data-end=\"898\">Raamatus on s\u00fcdantsoojendavad pisikesed unesoovid, mis toovad lapsele turvatunde ja aitavad kujundada igap\u00e4evase \u00f5htuse rituaali. Neid v\u00f5ib beebile ette lugeda ja hiljem loeb laps juba ise \u2013 nii kasvab raamat koos lapsega. Armsad illustratsioonid ja hellad s\u00f5nad loovad unen\u00e4olise maailma, kus laps tunneb end alati armastatuna.<\/p>\n<p data-start=\"900\" data-end=\"1077\">See komplekt sobib ideaalselt:<br \/>\n\u2013 katsikukingiks v\u00e4ikesele printsessile<br data-start=\"970\" data-end=\"973\" \/>\u2013 s\u00fcnnip\u00e4evaks v\u00f5i eriliseks t\u00e4histamiseks<br data-start=\"1015\" data-end=\"1018\" \/>\u2013 igap\u00e4evaseks unehetkeks, mis muutub armsaks m\u00e4lestusek<\/p>\n<p data-start=\"1248\" data-end=\"1453\"><strong data-start=\"1248\" data-end=\"1258\">Kruus:<\/strong><br data-start=\"1258\" data-end=\"1261\" \/>\u2013 Valge kvaliteetne keraamiline kruus<br data-start=\"1298\" data-end=\"1301\" \/>\u2013 K\u00f5rgus 9,5 cm<br data-start=\"1316\" data-end=\"1319\" \/>\u2013 Sublimatsioonitr\u00fckk (kestev v\u00e4rv)<br data-start=\"1354\" data-end=\"1357\" \/>\u2013 V\u00f5ib pesta n\u00f5udepesumasinas, kuid soovitame k\u00e4sipesu<br data-start=\"1411\" data-end=\"1414\" \/>\u2013 Valmimisaeg 5\u20137 t\u00f6\u00f6p\u00e4eva + saatmine<\/p>\n<p data-start=\"1455\" data-end=\"1575\"><strong data-start=\"1455\" data-end=\"1466\">Raamat:<\/strong><br data-start=\"1466\" data-end=\"1469\" \/>\u2013 Formaat: tugevate lehtedega pappraamat (boardbook)<br data-start=\"1521\" data-end=\"1524\" \/>\u2013 Vanus: beebist koolieani<\/p>\n<p data-start=\"1455\" data-end=\"1575\"><br data-start=\"1550\" data-end=\"1553\" \/>See on kingitus, mis paneb v\u00e4ikese printsessi silmad s\u00e4rama ja s\u00fcdame tundma, et ta on alati hoitud ja armastatud.<\/p>\n<p data-start=\"1079\" data-end=\"1246\">","protected":false},"excerpt":{"rendered":"<p>See eriline komplekt koosneb armsast pildiga kruusist, millel on kiri: \u201eSinuga algas mu elu k\u00f5ige ilusam peat\u00fckk\u201c ja uneraamatust &#8220;Emme, mis und ma t\u00e4na vaatan?&#8221; Kruus valmistatakse eritellimusel. Iga kord, [&hellip;]<\/p>","protected":false},"featured_media":1158,"comment_status":"open","ping_status":"closed","template":"","meta":{"_EventAllDay":false,"_EventTimezone":"","_EventStartDate":"","_EventEndDate":"","_EventStartDateUTC":"","_EventEndDateUTC":"","_EventShowMap":false,"_EventShowMapLink":false,"_EventURL":"","_EventCost":"","_EventCostDescription":"","_EventCurrencySymbol":"","_EventCurrencyCode":"","_EventCurrencyPosition":"","_EventDateTimeSeparator":"","_EventTimeRangeSeparator":"","_EventOrganizerID":[],"_EventVenueID":[],"_OrganizerEmail":"","_OrganizerPhone":"","_OrganizerWebsite":"","_VenueAddress":"","_VenueCity":"","_VenueCountry":"","_VenueProvince":"","_VenueState":"","_VenueZip":"","_VenuePhone":"","_VenueURL":"","_VenueStateProvince":"","_VenueLat":"","_VenueLng":"","_VenueShowMap":false,"_VenueShowMapLink":false},"product_brand":[],"product_cat":[32],"product_tag":[],"class_list":{"0":"post-1143","1":"product","2":"type-product","3":"status-publish","4":"has-post-thumbnail","6":"product_cat-komplektid-ja-kingitused","8":"first","9":"outofstock","10":"shipping-taxable","11":"purchasable","12":"product-type-simple"},"aioseo_notices":[],"jetpack_sharing_enabled":true,"_links":{"self":[{"href":"https:\/\/moonika.eu\/en\/wp-json\/wp\/v2\/product\/1143","targetHints":{"allow":["GET"]}}],"collection":[{"href":"https:\/\/moonika.eu\/en\/wp-json\/wp\/v2\/product"}],"about":[{"href":"https:\/\/moonika.eu\/en\/wp-json\/wp\/v2\/types\/product"}],"replies":[{"embeddable":true,"href":"https:\/\/moonika.eu\/en\/wp-json\/wp\/v2\/comments?post=1143"}],"wp:featuredmedia":[{"embeddable":true,"href":"https:\/\/moonika.eu\/en\/wp-json\/wp\/v2\/media\/1158"}],"wp:attachment":[{"href":"https:\/\/moonika.eu\/en\/wp-json\/wp\/v2\/media?parent=1143"}],"wp:term":[{"taxonomy":"product_brand","embeddable":true,"href":"https:\/\/moonika.eu\/en\/wp-json\/wp\/v2\/product_brand?post=1143"},{"taxonomy":"product_cat","embeddable":true,"href":"https:\/\/moonika.eu\/en\/wp-json\/wp\/v2\/product_cat?post=1143"},{"taxonomy":"product_tag","embeddable":true,"href":"https:\/\/moonika.eu\/en\/wp-json\/wp\/v2\/product_tag?post=1143"}],"curies":[{"name":"wp","href":"https:\/\/api.w.org\/{rel}","templated":true}]}}