{"id":1141,"date":"2025-08-31T14:39:10","date_gmt":"2025-08-31T14:39:10","guid":{"rendered":"https:\/\/moonika.eu\/?post_type=product&#038;p=1141"},"modified":"2025-12-05T18:17:53","modified_gmt":"2025-12-05T18:17:53","slug":"komplekt-kaugus-ei-vahenda-tundeid","status":"publish","type":"product","link":"https:\/\/moonika.eu\/en\/product\/komplekt-kaugus-ei-vahenda-tundeid\/","title":{"rendered":"Komplekt \u201eKaugus ei v\u00e4henda tundeid\u201c"},"content":{"rendered":"<p data-start=\"314\" data-end=\"543\">Selles komplektis on luuleraamat <em data-start=\"347\" data-end=\"381\">\u201cI Can Love You from Afar\u201d<\/em> ja kruus s\u00f5nadega: <em data-start=\"407\" data-end=\"541\">\u201eKaugus ei v\u00e4henda tundeid.<\/em><\/p>\n<p data-start=\"314\" data-end=\"543\"><em data-start=\"407\" data-end=\"541\"><br data-start=\"435\" data-end=\"438\" \/>Kui vaid saaks tunda sind\u2026<br data-start=\"464\" data-end=\"467\" \/>nii nagu kunagi\u2026<br data-start=\"483\" data-end=\"486\" \/>K\u00fclm, k\u00fclm ekraan\u2026<br data-start=\"504\" data-end=\"507\" \/>Seal sees sina\u2026<br data-start=\"522\" data-end=\"525\" \/>Kaugel minust\u2026\u201c<\/em><\/p>\n<p data-start=\"545\" data-end=\"762\">See on kingitus neile, kes teavad, et t\u00f5elised tunded ei kao, isegi kui kilomeetrid v\u00f5i ekraanid vahele j\u00e4\u00e4vad.<br data-start=\"656\" data-end=\"659\" \/>Sobib inimesele, keda igatsed ja kannad s\u00fcdames \u2013 v\u00f5i endale, et meenutada, kui s\u00fcgav v\u00f5ib olla side.<\/p>\n<p data-start=\"764\" data-end=\"858\"><strong data-start=\"764\" data-end=\"779\">Luuleraamat<\/strong><br data-start=\"779\" data-end=\"782\" \/>\u2013 \u201eMa v\u00f5in Sind kaugelt armastada\u201c (autogrammiga)<br data-start=\"831\" data-end=\"834\" \/>\u2013 Pehmed kaaned, 60 lk<\/p>\n<p data-start=\"860\" data-end=\"1044\"><strong data-start=\"860\" data-end=\"869\">Kruus<\/strong><br data-start=\"869\" data-end=\"872\" \/>\u2013 Originaaldisain autori loomingust<br data-start=\"907\" data-end=\"910\" \/>\u2013 Musta sisuga keraamiline kruus (sanga juures natuke valget)<br data-start=\"971\" data-end=\"974\" \/>\u2013 K\u00f5rgus 9,5 cm<br data-start=\"989\" data-end=\"992\" \/>\u2013 N\u00f5udepesumasinas pestav, kuid soovitame k\u00e4sipesu<\/p>\n<p data-start=\"1046\" data-end=\"1099\"><strong data-start=\"1046\" data-end=\"1059\">Tootmine:<\/strong> 5\u20137 t\u00f6\u00f6p\u00e4eva (eritellimus) + saatmine<\/p>\n<p data-start=\"1101\" data-end=\"1264\">See komplekt on kui vaikne vestlus kahe s\u00fcdame vahel \u2013 vahel piisab vaid \u00fchest luulereast ja \u00fchest soojast lonksust, et tunda, et kaugus ei v\u00e4henda tundeid.<\/p>\n<hr data-start=\"1266\" data-end=\"1269\" \/>","protected":false},"excerpt":{"rendered":"<p>Selles komplektis on luuleraamat \u201eMa v\u00f5in Sind kaugelt armastada\u201c ja kruus s\u00f5nadega: \u201eKaugus ei v\u00e4henda tundeid. Kui vaid saaks tunda sind\u2026nii nagu kunagi\u2026K\u00fclm, k\u00fclm ekraan\u2026Seal sees sina\u2026Kaugel minust\u2026\u201c See on [&hellip;]<\/p>","protected":false},"featured_media":1142,"comment_status":"open","ping_status":"closed","template":"","meta":{"_EventAllDay":false,"_EventTimezone":"","_EventStartDate":"","_EventEndDate":"","_EventStartDateUTC":"","_EventEndDateUTC":"","_EventShowMap":false,"_EventShowMapLink":false,"_EventURL":"","_EventCost":"","_EventCostDescription":"","_EventCurrencySymbol":"","_EventCurrencyCode":"","_EventCurrencyPosition":"","_EventDateTimeSeparator":"","_EventTimeRangeSeparator":"","_EventOrganizerID":[],"_EventVenueID":[],"_OrganizerEmail":"","_OrganizerPhone":"","_OrganizerWebsite":"","_VenueAddress":"","_VenueCity":"","_VenueCountry":"","_VenueProvince":"","_VenueState":"","_VenueZip":"","_VenuePhone":"","_VenueURL":"","_VenueStateProvince":"","_VenueLat":"","_VenueLng":"","_VenueShowMap":false,"_VenueShowMapLink":false},"product_brand":[],"product_cat":[32],"product_tag":[],"class_list":{"0":"post-1141","1":"product","2":"type-product","3":"status-publish","4":"has-post-thumbnail","6":"product_cat-komplektid-ja-kingitused","8":"first","9":"outofstock","10":"shipping-taxable","11":"purchasable","12":"product-type-simple"},"aioseo_notices":[],"jetpack_sharing_enabled":true,"_links":{"self":[{"href":"https:\/\/moonika.eu\/en\/wp-json\/wp\/v2\/product\/1141","targetHints":{"allow":["GET"]}}],"collection":[{"href":"https:\/\/moonika.eu\/en\/wp-json\/wp\/v2\/product"}],"about":[{"href":"https:\/\/moonika.eu\/en\/wp-json\/wp\/v2\/types\/product"}],"replies":[{"embeddable":true,"href":"https:\/\/moonika.eu\/en\/wp-json\/wp\/v2\/comments?post=1141"}],"wp:featuredmedia":[{"embeddable":true,"href":"https:\/\/moonika.eu\/en\/wp-json\/wp\/v2\/media\/1142"}],"wp:attachment":[{"href":"https:\/\/moonika.eu\/en\/wp-json\/wp\/v2\/media?parent=1141"}],"wp:term":[{"taxonomy":"product_brand","embeddable":true,"href":"https:\/\/moonika.eu\/en\/wp-json\/wp\/v2\/product_brand?post=1141"},{"taxonomy":"product_cat","embeddable":true,"href":"https:\/\/moonika.eu\/en\/wp-json\/wp\/v2\/product_cat?post=1141"},{"taxonomy":"product_tag","embeddable":true,"href":"https:\/\/moonika.eu\/en\/wp-json\/wp\/v2\/product_tag?post=1141"}],"curies":[{"name":"wp","href":"https:\/\/api.w.org\/{rel}","templated":true}]}}