{"id":1139,"date":"2025-08-31T14:32:25","date_gmt":"2025-08-31T14:32:25","guid":{"rendered":"https:\/\/moonika.eu\/?post_type=product&#038;p=1139"},"modified":"2025-12-05T18:18:07","modified_gmt":"2025-12-05T18:18:07","slug":"komplekt-ma-voin-sind-kaugelt-armastada-varvimuutev-kruus","status":"publish","type":"product","link":"https:\/\/moonika.eu\/en\/product\/komplekt-ma-voin-sind-kaugelt-armastada-varvimuutev-kruus\/","title":{"rendered":"Komplekt \u201eMa v\u00f5in Sind kaugelt armastada\u201c (v\u00e4rvimuutev kruus)"},"content":{"rendered":"<p data-start=\"318\" data-end=\"580\">Selles komplektis on luuleraamat <em data-start=\"351\" data-end=\"385\">\u201cI Can Love You from Afar\u201d<\/em> ja v\u00e4rvimuutev kruus.<br data-start=\"407\" data-end=\"410\" \/>Kuuma joogi m\u00f5jul ilmub n\u00e4htavale raamatu esikaanepilt ja pealkiri <em data-start=\"477\" data-end=\"512\">\u201eMa v\u00f5in Sind kaugelt armastada\u201c.<\/em><br data-start=\"512\" data-end=\"515\" \/>See on nagu maagiline hetk \u2013 tunne, mis avaneb alles soojusega.<\/p>\n<p data-start=\"582\" data-end=\"714\"><em data-start=\"582\" data-end=\"712\">\u201eMa v\u00f5in sind kaugelt armastada.<br data-start=\"615\" data-end=\"618\" \/>Kaugelt on armastus puhas ja helge<br data-start=\"652\" data-end=\"655\" \/>nagu pehme pilv,<br data-start=\"671\" data-end=\"674\" \/>mis aeglaselt liigub sinises taevas.\u201c<\/em><\/p>\n<p data-start=\"716\" data-end=\"810\"><strong data-start=\"716\" data-end=\"731\">Luuleraamat<\/strong><br data-start=\"731\" data-end=\"734\" \/>\u2013 \u201eMa v\u00f5in Sind kaugelt armastada\u201c (autogrammiga)<br data-start=\"783\" data-end=\"786\" \/>\u2013 Pehmed kaaned, 60 lk<\/p>\n<p data-start=\"812\" data-end=\"970\"><strong data-start=\"812\" data-end=\"833\">V\u00e4rvimuutev kruus<\/strong><br data-start=\"833\" data-end=\"836\" \/>\u2013 Valmistatud Eestis<br data-start=\"856\" data-end=\"859\" \/>\u2013 K\u00f5rgus 9,5 cm<br data-start=\"874\" data-end=\"877\" \/>\u2013 Ainult k\u00e4sipesu (v\u00e4rvimuutva kihiga toode)<br data-start=\"921\" data-end=\"924\" \/>\u2013 Disain ja s\u00f5nad on autori originaallooming<\/p>\n<p data-start=\"972\" data-end=\"1026\"><strong data-start=\"972\" data-end=\"985\">Tootmine:<\/strong> 5\u20137 t\u00f6\u00f6p\u00e4eva (eritellimus) + saatmine.<\/p>\n<p data-start=\"1028\" data-end=\"1164\">Lase end kanda sinna, kus tunded k\u00f5nelevad \u2013 kus kuum jook soojendab k\u00e4si, luule puudutab hinge ja s\u00fcda m\u00f5istab rohkem kui s\u00f5nad.<\/p>","protected":false},"excerpt":{"rendered":"<p>Selles komplektis on luuleraamat \u201eMa v\u00f5in Sind kaugelt armastada\u201c ja v\u00e4rvimuutev kruus.Kuuma joogi m\u00f5jul ilmub n\u00e4htavale raamatu esikaanepilt ja pealkiri \u201eMa v\u00f5in Sind kaugelt armastada\u201c.See on nagu maagiline hetk \u2013 [&hellip;]<\/p>","protected":false},"featured_media":1140,"comment_status":"open","ping_status":"closed","template":"","meta":{"_EventAllDay":false,"_EventTimezone":"","_EventStartDate":"","_EventEndDate":"","_EventStartDateUTC":"","_EventEndDateUTC":"","_EventShowMap":false,"_EventShowMapLink":false,"_EventURL":"","_EventCost":"","_EventCostDescription":"","_EventCurrencySymbol":"","_EventCurrencyCode":"","_EventCurrencyPosition":"","_EventDateTimeSeparator":"","_EventTimeRangeSeparator":"","_EventOrganizerID":[],"_EventVenueID":[],"_OrganizerEmail":"","_OrganizerPhone":"","_OrganizerWebsite":"","_VenueAddress":"","_VenueCity":"","_VenueCountry":"","_VenueProvince":"","_VenueState":"","_VenueZip":"","_VenuePhone":"","_VenueURL":"","_VenueStateProvince":"","_VenueLat":"","_VenueLng":"","_VenueShowMap":false,"_VenueShowMapLink":false},"product_brand":[],"product_cat":[32],"product_tag":[],"class_list":{"0":"post-1139","1":"product","2":"type-product","3":"status-publish","4":"has-post-thumbnail","6":"product_cat-komplektid-ja-kingitused","8":"first","9":"outofstock","10":"shipping-taxable","11":"purchasable","12":"product-type-simple"},"aioseo_notices":[],"jetpack_sharing_enabled":true,"_links":{"self":[{"href":"https:\/\/moonika.eu\/en\/wp-json\/wp\/v2\/product\/1139","targetHints":{"allow":["GET"]}}],"collection":[{"href":"https:\/\/moonika.eu\/en\/wp-json\/wp\/v2\/product"}],"about":[{"href":"https:\/\/moonika.eu\/en\/wp-json\/wp\/v2\/types\/product"}],"replies":[{"embeddable":true,"href":"https:\/\/moonika.eu\/en\/wp-json\/wp\/v2\/comments?post=1139"}],"wp:featuredmedia":[{"embeddable":true,"href":"https:\/\/moonika.eu\/en\/wp-json\/wp\/v2\/media\/1140"}],"wp:attachment":[{"href":"https:\/\/moonika.eu\/en\/wp-json\/wp\/v2\/media?parent=1139"}],"wp:term":[{"taxonomy":"product_brand","embeddable":true,"href":"https:\/\/moonika.eu\/en\/wp-json\/wp\/v2\/product_brand?post=1139"},{"taxonomy":"product_cat","embeddable":true,"href":"https:\/\/moonika.eu\/en\/wp-json\/wp\/v2\/product_cat?post=1139"},{"taxonomy":"product_tag","embeddable":true,"href":"https:\/\/moonika.eu\/en\/wp-json\/wp\/v2\/product_tag?post=1139"}],"curies":[{"name":"wp","href":"https:\/\/api.w.org\/{rel}","templated":true}]}}