{"id":1134,"date":"2025-08-31T13:35:07","date_gmt":"2025-08-31T13:35:07","guid":{"rendered":"https:\/\/moonika.eu\/?post_type=product&#038;p=1134"},"modified":"2025-12-05T18:18:17","modified_gmt":"2025-12-05T18:18:17","slug":"komplekt-ma-ei-pea-sind-puudutama-et-sind-tunda","status":"publish","type":"product","link":"https:\/\/moonika.eu\/en\/product\/komplekt-ma-ei-pea-sind-puudutama-et-sind-tunda\/","title":{"rendered":"Komplekt \u201eMa ei pea Sind puudutama, et Sind tunda\u201c"},"content":{"rendered":"<p data-start=\"240\" data-end=\"464\">Selles eriliselt s\u00fcdamlikus komplektis on:<br data-start=\"282\" data-end=\"285\" \/><strong data-start=\"288\" data-end=\"356\">luuleraamat <\/strong><em>\u201cI Can Love You from Afar\u201d<\/em><strong data-start=\"288\" data-end=\"356\"> autori autogrammiga<\/strong><br data-start=\"356\" data-end=\"359\" \/><strong data-start=\"362\" data-end=\"402\">originaaldisainiga keraamiline kruus<\/strong>, millel on read: <em data-start=\"420\" data-end=\"464\">\u201eMa ei pea Sind puudutama, et Sind tunda.\u201c<\/em><\/p>\n<p data-start=\"466\" data-end=\"726\">See on kingitus neile, kes teavad, et s\u00fcgavaim side s\u00fcnnib s\u00fcdame kaudu \u2013 ka siis, kui keegi on eemal.<br data-start=\"568\" data-end=\"571\" \/>Sobib kinkimiseks inimesele, keda igatsed v\u00f5i kes on Sinu hinges alati olemas. V\u00f5i endale, et meenutada: t\u00f5eline tunne ei vaja puudutust, et olla olemas.<\/p>\n<p data-start=\"728\" data-end=\"868\"><strong data-start=\"728\" data-end=\"743\">Luuleraamat<\/strong><br data-start=\"743\" data-end=\"746\" \/>\u2013 \u201eMa v\u00f5in Sind kaugelt armastada\u201c<br data-start=\"780\" data-end=\"783\" \/>\u2013 Autor: Moonika Arrak-Jaam<br data-start=\"810\" data-end=\"813\" \/>\u2013 Pehmed kaaned, 60 lk<br data-start=\"835\" data-end=\"838\" \/>\u2013 Raamat on <strong data-start=\"850\" data-end=\"866\">autogrammiga<\/strong><\/p>\n<p data-start=\"870\" data-end=\"1099\"><strong data-start=\"870\" data-end=\"879\">Kruus<\/strong><br data-start=\"879\" data-end=\"882\" \/>\u2013 Eestis valmistatud kvaliteetne valge sisuga keraamiline kruus<br data-start=\"945\" data-end=\"948\" \/>\u2013 K\u00f5rgus 9,5 cm<br data-start=\"963\" data-end=\"966\" \/>\u2013 Sublimatsioonitr\u00fckk \u2013 n\u00f5udepesumasinas pestav ( soovitav siiski k\u00e4sipesu, mis \u00a0hoiab v\u00e4rvi kauem kirkana)<br data-start=\"1056\" data-end=\"1059\" \/>\u2013 Originaaldisain, mida mujalt ei leia<\/p>\n<p data-start=\"870\" data-end=\"1099\">Komplekt valmib tellimise peale \u2013 kruus tr\u00fckitakse spetsiaalselt Sinu jaoks. Tellimuse t\u00e4itmiseks kulub 5\u20137 t\u00f6\u00f6p\u00e4eva + saatmisaeg<\/p>\n<p data-start=\"870\" data-end=\"1099\">","protected":false},"excerpt":{"rendered":"<p>Selles eriliselt s\u00fcdamlikus komplektis on:luuleraamat \u201eMa v\u00f5in Sind kaugelt armastada\u201c autori autogrammigaoriginaaldisainiga keraamiline kruus, millel on read: \u201eMa ei pea Sind puudutama, et Sind tunda.\u201c See on kingitus neile, kes [&hellip;]<\/p>","protected":false},"featured_media":1135,"comment_status":"open","ping_status":"closed","template":"","meta":{"_EventAllDay":false,"_EventTimezone":"","_EventStartDate":"","_EventEndDate":"","_EventStartDateUTC":"","_EventEndDateUTC":"","_EventShowMap":false,"_EventShowMapLink":false,"_EventURL":"","_EventCost":"","_EventCostDescription":"","_EventCurrencySymbol":"","_EventCurrencyCode":"","_EventCurrencyPosition":"","_EventDateTimeSeparator":"","_EventTimeRangeSeparator":"","_EventOrganizerID":[],"_EventVenueID":[],"_OrganizerEmail":"","_OrganizerPhone":"","_OrganizerWebsite":"","_VenueAddress":"","_VenueCity":"","_VenueCountry":"","_VenueProvince":"","_VenueState":"","_VenueZip":"","_VenuePhone":"","_VenueURL":"","_VenueStateProvince":"","_VenueLat":"","_VenueLng":"","_VenueShowMap":false,"_VenueShowMapLink":false},"product_brand":[],"product_cat":[32],"product_tag":[],"class_list":{"0":"post-1134","1":"product","2":"type-product","3":"status-publish","4":"has-post-thumbnail","6":"product_cat-komplektid-ja-kingitused","8":"first","9":"outofstock","10":"shipping-taxable","11":"purchasable","12":"product-type-simple"},"aioseo_notices":[],"jetpack_sharing_enabled":true,"_links":{"self":[{"href":"https:\/\/moonika.eu\/en\/wp-json\/wp\/v2\/product\/1134","targetHints":{"allow":["GET"]}}],"collection":[{"href":"https:\/\/moonika.eu\/en\/wp-json\/wp\/v2\/product"}],"about":[{"href":"https:\/\/moonika.eu\/en\/wp-json\/wp\/v2\/types\/product"}],"replies":[{"embeddable":true,"href":"https:\/\/moonika.eu\/en\/wp-json\/wp\/v2\/comments?post=1134"}],"wp:featuredmedia":[{"embeddable":true,"href":"https:\/\/moonika.eu\/en\/wp-json\/wp\/v2\/media\/1135"}],"wp:attachment":[{"href":"https:\/\/moonika.eu\/en\/wp-json\/wp\/v2\/media?parent=1134"}],"wp:term":[{"taxonomy":"product_brand","embeddable":true,"href":"https:\/\/moonika.eu\/en\/wp-json\/wp\/v2\/product_brand?post=1134"},{"taxonomy":"product_cat","embeddable":true,"href":"https:\/\/moonika.eu\/en\/wp-json\/wp\/v2\/product_cat?post=1134"},{"taxonomy":"product_tag","embeddable":true,"href":"https:\/\/moonika.eu\/en\/wp-json\/wp\/v2\/product_tag?post=1134"}],"curies":[{"name":"wp","href":"https:\/\/api.w.org\/{rel}","templated":true}]}}