{"id":752,"date":"2025-05-06T16:47:34","date_gmt":"2025-05-06T16:47:34","guid":{"rendered":"https:\/\/moonika.eu\/?page_id=752"},"modified":"2025-05-13T11:34:29","modified_gmt":"2025-05-13T11:34:29","slug":"e-poe-kasutus-ja-muugitingimused","status":"publish","type":"page","link":"https:\/\/moonika.eu\/en\/e-poe-kasutus-ja-muugitingimused\/","title":{"rendered":"E-poe kasutus- ja m\u00fc\u00fcgitingimused"},"content":{"rendered":"<p><strong>WWW.MOONIKA.EU EPOE M\u00dc\u00dcGITINGIMUSED<\/strong><\/p>\n\n\n\n<ol start=\"1\" class=\"wp-block-list\">\n<li><strong>\u00dcLDS\u00c4TTED<\/strong><\/li>\n<\/ol>\n\n\n\n<p>1.1. K\u00e4esolevas dokumendis kasutatakse m\u00f5isteid j\u00e4rgmises t\u00e4henduses:<\/p>\n\n\n\n<p>1.1.1.&nbsp;<strong>Tarbija&nbsp;<\/strong>\u2013 f\u00fc\u00fcsiline isik, kes tegutseb eesm\u00e4rgil, mis ei ole seotud tema majandus- v\u00f5i kutsetegevusega;<\/p>\n\n\n\n<p>1.1.2.&nbsp;<strong>Kaupleja<\/strong>&nbsp;\u2013 juriidiline isik, kes tegutseb eesm\u00e4rgil, mis on seotud tema majandus-v\u00f5i kutsetegevusega;<\/p>\n\n\n\n<p>1.1.3.&nbsp;&nbsp;<strong>Kaup&nbsp;<\/strong>\u2013 pakutav, m\u00fc\u00fcdav v\u00f5i muul viisil turustatav asi v\u00f5i \u00f5igus;<\/p>\n\n\n\n<p>1.1.4.&nbsp;<strong>Teenus<\/strong>&nbsp;\u2013 pakutav, osutatav v\u00f5i muul viisil turustatav h\u00fcve, mis ei ole kaup, v\u00f5i muu pakutav v\u00f5i tehtav sooritus;<\/p>\n\n\n\n<p>1.1.5.&nbsp;<strong>Tellimus&nbsp;<\/strong>\u2013 sidevahendi abil edastatud lepingupoolte tahteavaldus lepingu s\u00f5lmimiseks;<\/p>\n\n\n\n<p>1.2.\u00a0 Veebileht www.moonika.eu on O\u00dc Gemmon, registrikood 14266612, aadress Juhtme 24, Harjumaa, Rae Vald, 10112, Eesti ; e-posti aadress:\u00a0moonika@gemmon.ee, poolt k\u00e4ttesaadavaks tehtud internetip\u00f5hine Kaupade internetipood ja m\u00fc\u00fcgikeskkond (edaspidi:\u00a0<strong>e-Pood<\/strong>). www.moonika.eu  kasutamise ja Kaupade ostmisega kinnitab Tarbija oma n\u00f5ustumist\u00a0\u00a0o\u00fc Gemmon kasutamistingimuste ja muu Tarbija jaoks k\u00e4ttesaadavaks tehtud informatsiooniga.<\/p>\n\n\n\n<p>1.3.&nbsp; www.moonika.eu on kasutamistingimustes toodud s\u00e4tte kehtetus selle vastuolu t\u00f5ttu seadusega ei too kaasa teiste s\u00e4tete kehtetust.<\/p>\n\n\n\n<p>1.4. www.moonika.eu on m\u00fc\u00fcgikeskkonnas olevate Kaupade piltidel on osaliselt illustreeriv t\u00e4hendus.<\/p>\n\n\n\n<p>1.5. www.moonika.eu epoest tohib iseseisvalt Tellimust sooritada f\u00fc\u00fcsilisest isikust teov\u00f5imeline isik (t\u00e4isealine, 18-aastaseks saanud isik). N\u00f5uetele mittevastava isiku poolt sooritatud Tellimuse tagaj\u00e4rgede eest vastutab isik, kelle pangakontot v\u00f5i krediitkaarti kasutades makse on sooritatud.<\/p>\n\n\n\n<p>1.6. Gemmon O\u00dc on \u00f5igus j\u00e4tta Tarbija Tellimuse korraldus t\u00e4itmata, kui Tarbija ei ole t\u00e4itnud www.moonika.eu, Gemmon O\u00dc v\u00f5i Teenusepakkuja tingimusi, juhiseid v\u00f5i korraldusi.<\/p>\n\n\n\n<ol start=\"2\" class=\"wp-block-list\">\n<li><strong>WWW.MOONIKA.EU EPOE KASUTAMINE<\/strong><\/li>\n<\/ol>\n\n\n\n<p>2.1. Tarbija on kohustatud sooritama Kaupade\/Teenuste tellimused ja maksed vastavalt www.moonika.eu\/Gemmon O\u00dc kasutamistingimustele ja -juhistele.<\/p>\n\n\n\n<p>2.2.&nbsp; Gemmon O\u00dcl on \u00f5igus Tarbija poolt edastatud korraldus t\u00e4itmata j\u00e4tta, juhul kui Tarbija ei ole tasunud Kauba v\u00f5i Teenuse eest, v\u00f5i kui Tarbija krediitkaardil puuduvad selleks rahalised vahendid.<\/p>\n\n\n\n<p>2.3. Tarbija on www.moonika.eu epoe kasutamisel kohustatud tagama tema poolt esitatud informatsiooni \u00f5igsuse ning mitte kasutama m\u00fc\u00fcgikeskkonda selleks mitte etten\u00e4htud toimingute l\u00e4biviimiseks.<\/p>\n\n\n\n<p>2.4. Tarbijal ei ole ilma Gemmon O\u00dc kirjaliku loata \u00f5igus www.moonika.eu m\u00fc\u00fcgikeskkonda ja selle osasid mis tahes viisil kopeerida, reprodutseerida, levitada, edastada, muuta ja muul sarnasel viisil kasutada.<\/p>\n\n\n\n<ol start=\"3\" class=\"wp-block-list\">\n<li><strong>KAUP, KAUBA HIND, KAUBA KOGUS JA KOHALETOIMETAMISE TASU<\/strong><\/li>\n<\/ol>\n\n\n\n<p>3.1. www.moonika.eu toodetele kehtivad Tellimuse tegemise hetkel valitud toote hind eurodes koos k\u00e4ibemaksuga j\u00e4rgmiselt:<\/p>\n\n\n\n<p>3.1.1.&nbsp; Tellimuse kohaletoimetamisel Kulleri vahendusel v\u00f5i pakiautomaati, tasub Tarbija www.moonika.eu m\u00fc\u00fcgikeskkonnas makse sooritamise hetkel m\u00e4rgitud hinna eurodes koos k\u00e4ibemaksuga.&nbsp;<\/p>\n\n\n\n<p>3.1.2. Kauplejal on \u00f5igus muuta www.moonika.eu epoes m\u00fc\u00fcdavate toodete hinda;<\/p>\n\n\n\n<p>3.1.3. Tellitud toodete kohaletoimetamisel Kulleri vahendusel s\u00f5ltub kohaletoimetamise tasu teeninduspiirkonnale vastavast hinnakirjast;<\/p>\n\n\n\n<p>3.1.4. Kohaletoimetamise teenuse tasu Kulleri vahendusel kuvatakse Tarbijale Tellimuse vormistamise hetkel.<\/p>\n\n\n\n<p>3.2. Kauplejal on \u00f5igus m\u00e4\u00e4rata Tarbija poolt tellitava Kauba suurim koguseline m\u00e4\u00e4r.<\/p>\n\n\n\n<ol start=\"4\" class=\"wp-block-list\">\n<li><strong>TELLIMUSE ESITAMINE JA KINNITAMINE<\/strong><\/li>\n<\/ol>\n\n\n\n<p>4.1. www.moonika.eu epoes saab Tellimusi esitada, kas registreeritud v\u00f5i registreerimata kasutajana. Tellimuste ajalugu n\u00e4eb m\u00fc\u00fcgikeskkonnas ainult registreerinud klient.<\/p>\n\n\n\n<p>4.2. Toodete tellimiseks valib Tarbija&nbsp;&nbsp;www.moonika.eu m\u00fc\u00fcgikeskkonnast talle sobiva(d) Toote(d) ja lisab tooted ostukorvi. Tarbijal on v\u00f5imalik ostukorvi sisu korrigeerida kuni Tellimuse kinnitamiseni ja enne Kauba eest tasumist.<\/p>\n\n\n\n<p>4.3. Tellimuse vormistamiseks t\u00e4idab Klient m\u00fc\u00fcgikeskkonnas n\u00f5utud andmev\u00e4ljad; valib Kauba \u00fcleandmise viisi (kuller), m\u00e4rgib Tellimuse k\u00e4ttesaamise koha.&nbsp;<\/p>\n\n\n\n<p>4.4. Tarbija kohustub enne Tellimuse kinnitamist ja makse tegemist kontrollima tema poolt koostatud Tellimuse sisu, kogust ja selle vastavust Tellimusele. Kinnitatud Tellimuse sisu ei ole tagantj\u00e4rele v\u00f5imalik muuta.<\/p>\n\n\n\n<p>4.9. Tellimuse j\u00f5udmisel Kauplejani, edastab Kaupleja Tarbijale automaatvastusena e-kinnituskirja.<\/p>\n\n\n\n<p>4.10. Kaupleja teavitab Tarbijat Kauba komplekteerimisest e-posti teel enne Tellimuse kohaletoimetamise ajavahemikku.<\/p>\n\n\n\n<p>4.11. Tellimuses esinevate v\u00f5imalike ebat\u00e4psuste v\u00f5i vigade korral (mittesoovitud kaubad v\u00f5i kogused) tuleb Tarbijal v\u00f5tta koheselt \u00fchendust Kaupleja klienditeenindusega e-posti teel.<\/p>\n\n\n\n<p>4.12. Kaupleja ei vastuta Tellimuse t\u00e4itmisel Tarbija poolt esitatud ebakorrektsetest andmetest v\u00f5i Tellimusest loobumisel tekkiva kahju v\u00f5i mis tahes muude tagaj\u00e4rgede eest.<\/p>\n\n\n\n<ol start=\"5\" class=\"wp-block-list\">\n<li><strong>TELLIMUSEST LOOBUMINE<\/strong><\/li>\n<\/ol>\n\n\n\n<p>5.1. Kliendil on \u00f5igus tasutud Tellimusest loobuda teavitades sellest&nbsp;&nbsp;www.moonika.eu klienditeenindust allj\u00e4rgnevalt:<\/p>\n\n\n\n<p>5.1.1. saates emaili&nbsp;&nbsp;www.moonika.eu\u00b4le v\u00e4hemalt 24 tundi enne Tellimuse t\u00e4itmise ajavahemikku.<\/p>\n\n\n\n<p>5.2. Kauplejal on \u00f5igus vajadusel t\u00fchistada Tellimuse t\u00e4itmine, teavitades sellest Tarbijat telefoni v\u00f5i e-posti teel koos t\u00fchistamise p\u00f5hjusega. Juhul, kui Kaupleja t\u00fchistab Tellimuse t\u00e4itmise, tagastatakse Tellimuse maksumus Tarbija arvelduskontole hiljemalt 4 (nelja) kalendrip\u00e4eva jooksul Tellimuse t\u00fchistamise hetkest.<\/p>\n\n\n\n<ol start=\"6\" class=\"wp-block-list\">\n<li><strong>TELLIMUSE T\u00c4ITMISE AJA MUUTMINE<\/strong><\/li>\n<\/ol>\n\n\n\n<p>6.1. Tarbijal on \u00f5igus avaldada soovi Tellimuse k\u00e4ttesaamise meetodi muutmiseks teavitades sellest\u00a0\u00a0www.moonika.eu Tellimuse kinnitusel m\u00e4rgitud e-posti aadressil.<\/p>\n\n\n\n<p>6.2. V\u00f5imalusel arvestab Kaupleja Tarbija sooviga, teavitades sellest Tarbijat e-posti v\u00f5i telefoni teel.<\/p>\n\n\n\n<p>6.3. Kauplejal on \u00f5igus j\u00e4tta Tellimuse k\u00e4ttesaamise aeg muutmata.<\/p>\n\n\n\n<ol start=\"7\" class=\"wp-block-list\">\n<li><strong>TELLIMUSE EEST TASUMINE<\/strong><\/li>\n<\/ol>\n\n\n\n<p>7.1. Tellimuse eest saab Tarbija tasuda&nbsp;&nbsp;www.moonika.eu m\u00fc\u00fcgikeskkonnas ettemaksuna t\u00e4ies ulatuses sobiva pangalingi vahendusel.<\/p>\n\n\n\n<p>7.2. Kohaletoimetamisel Kulleri vahendusel tasub Tarbija kogu Tellimuse eest www.moonika.eu m\u00fc\u00fcgikeskkonnas ettemaksuna t\u00e4ies ulatuses.<\/p>\n\n\n\n<p><strong>&nbsp;<\/strong>&nbsp;&nbsp;&nbsp;&nbsp;&nbsp;&nbsp;8.&nbsp;&nbsp;<strong>&nbsp;&nbsp;KAUBA TAGASTUS JA TAGASIMAKSED<\/strong><\/p>\n\n\n\n<p>8.1. Tellitud toodete k\u00e4ttesaamisel on Tarbijal kohustus koheselt kontrollida toodete vastavust Tellimusele.&nbsp;<\/p>\n\n\n\n<p>8.2. Toodete kahjustumise v\u00f5i kadumise risk Kauplejalt Tarbijale l\u00e4heb \u00fcle k\u00e4ttesaamise momendist.<\/p>\n\n\n\n<p>8.3. Tarbijal on \u00f5igus Lepingust taganeda 14 (neljateistk\u00fcmne) kalendrip\u00e4eva jooksul alates Kauba k\u00e4ttesaamisest,&nbsp;v.a&nbsp;v\u00f5la\u00f5igusseaduse (V\u00d5S) \u00a7 53 lg 2 p 9, mille kohaselt&nbsp;ei kohaldu&nbsp;14 p\u00e4evane&nbsp;<\/p>\n\n\n\n<p>8.3.1. 14 p\u00e4evane Lepingust taganemis\u00f5igus ei kohaldu allj\u00e4rgnevatele kaubagruppidele:<\/p>\n\n\n\n<p>8.3.1.1. avatud pakendiga tooted;<\/p>\n\n\n\n<p>8.3.1.2. suletud \u00fcmbrises audio-, visuaal- ja videosalvestise kui Tarbija on Kauba \u00fcmbrise avanud.<\/p>\n\n\n\n<p>8.4.&nbsp;&nbsp;www.moonika.eu tellitud tagastatav Kaup v\u00f5etakse vastu Tarbija avalduse alusel.<\/p>\n\n\n\n<p>8.5. Tarbija poolt tagastatav Toode(Tooted) ei tohi olla rikutud, kahjustatud ega muul viisil kasutatud ning peab olema originaalpakendis. Veendumaks Kauba olemuses, omadustes ja toimimises, v\u00f5ib Tarbija k\u00e4sitseda toodet \u00fcksnes sellisel viisil, nagu see oleks lubatud tavap\u00e4raselt kaupluses. Vajadusel tuleb toodete pakend avada ettevaatlikult ja seda kahjustamata.<\/p>\n\n\n\n<p>Tagastatud Toote k\u00e4ttesaamisel ja selle seisukorra kontrollimisel tagastame Tarbijale tasutud summa hiljemalt 14 p\u00e4eva jooksul alates Toote tagasisaamisest. Raha kantakse tagasi samale arvelduskontole, millelt tellimus tasuti, kui ei ole kokku lepitud teisiti.<\/p>\n\n\n\n<p>Digitaalseid tooteid (n\u00e4iteks allalaetavad failid, e-raamatud v\u00f5i muu sarnane digitaalne sisu) ei ole v\u00f5imalik tagastada ega selle eest tasutud summat tagasi saada, kui toote edastamine on Tarbija n\u00f5usolekul alanud (nt fail on allalaetud v\u00f5i avatud). Tarbija kinnitab ostu tehes, et m\u00f5istab, et digitaalse sisu allalaadimise v\u00f5i avamisega kaotab ta taganemis\u00f5iguse.<\/p>\n\n\n\n<p>8.6. Toode(te) tagastamisega seonduvad kulud kannab Tarbija.<\/p>\n\n\n\n<p>8.7. Tellimusi toimetatakse kohale Itella SmartPOSTi, Omniva ja DPD pakiautomaatide v\u00f5i kullerteenuse kaudu. Klient valib sobiva tarneviisi ostu vormistamisel. Tellimused paneme teele 1-3 t\u00f6\u00f6p\u00e4eva jooksul p\u00e4rast makse laekumist.\u00a0Tarneaeg Eestis on \u00fcldiselt 2\u20135 t\u00f6\u00f6p\u00e4eva.<br>Erandina v\u00f5ivad p\u00fchade ajal v\u00f5i suurenenud t\u00f6\u00f6koormuse perioodidel tarneajad pikeneda.<\/p>\n\n\n\n<p>8.8. Tellimuste saatmine v\u00e4ljaspool Eestit on v\u00f5imalik kokkuleppel. Palun v\u00f5ta \u00fchendust e-posti aadressil\u00a0<a>moonika@gemmon.ee<\/a>, et t\u00e4psustada sihtkoha ja kohaletoimetamise v\u00f5imalused.<br>Tarne hind ja aeg s\u00f5ltuvad sihtriigist ja valitud tarneviisist.<\/p>\n\n\n\n<p><strong>&nbsp;&nbsp;&nbsp;&nbsp;&nbsp;&nbsp;&nbsp;&nbsp;9.&nbsp;&nbsp;&nbsp;&nbsp;&nbsp;&nbsp;PRETENSIOONIDE ESITAMINE<\/strong><\/p>\n\n\n\n<p>10.1. Kaupleja vastutab&nbsp;&nbsp;www.moonika.eu m\u00fc\u00fcgikeskkonna vahendusel tellitud ja m\u00fc\u00fcdud Toote lepingutingimustele mittevastavuse v\u00f5i puuduse eest, mis oli Tootel juba \u00fcleandmise hetkel ning Tarbijal on \u00f5igus n\u00f5uda Kauplejalt, kas kohustuse t\u00e4itmist, kahju h\u00fcvitamist, hinna alandamist v\u00f5i Lepingust taganemist.<\/p>\n\n\n\n<p>10.2. Tarbijale m\u00fc\u00fcgi korral vastutab Kaupleja tootel ilmneva mittevastavuse eest kahe (2) aasta jooksul alates toote Kliendile \u00fcleandmisest eeldusel, et Kauba Tarbijale \u00fcleandmise p\u00e4evast esimese kuue (6) kuu jooksul ilmnenud Kauba mittevastavus oli olemas Toote \u00fcleandmise momendil, kui eelnimetatud eeldus ei ole vastuolus Toote v\u00f5i puuduse olemusega, v.a punktis 9.3. nimetatud Toode.<\/p>\n\n\n\n<p>10.3. Kaupleja ei vastuta Toote lepingutingimustele mittevastavuse eest, mis on tekkinud Tarbija tegevusest v\u00f5i tegevusetusest, sh Kauba mittesihip\u00e4rasest kasutamisest v\u00f5i mitten\u00f5uetekohaste s\u00e4ilitustingimuste j\u00e4rgimata j\u00e4tmisest.<\/p>\n\n\n\n<p>10.4. Lepingutingimustele mitte vastava Toote korral saab Tarbija esitada kirjaliku pretensiooni Toote tellimuslehel olevale e-posti aadressile. Pretensiooni aluseks on ostu t\u00f5endav dokument.<\/p>\n\n\n\n<p>10.5. Kaupleja ei vastuta Tellimusel Kliendi poolt esitatud ebakorrektsetest andmetest tekkiva kahju v\u00f5i mis tahes muude tagaj\u00e4rgede eest, sh Toote kohaletoimetamise viivitusest, kui viivitus oli tingitud asjaoludest, mida Kauplejal ei olnud v\u00f5imalik m\u00f5jutada.<\/p>\n\n\n\n<ol start=\"11\" class=\"wp-block-list\">\n<li><strong>ISIKUANDMETE T\u00d6\u00d6TLEMINE<\/strong><\/li>\n<\/ol>\n\n\n\n<p>11.1. Tarbija isikuandmete vastutavaks t\u00f6\u00f6tlejaks on Gemmon O\u00dc, registrikood 14266612, aadress&nbsp;Juhtme 24, Harjumaa, Rae Vald, 10112.<\/p>\n\n\n\n<p>11.2. Isikuandmed on mis tahes andmed tuvastatud v\u00f5i tuvastatava f\u00fc\u00fcsilise isiku kohta, s\u00f5ltumata sellest, millisel kujul v\u00f5i millises vormis need andmed on.&nbsp;&nbsp;www.moonika.eu on Tarbija isikuandmeteks tarbija kontaktandmed, sh kasutajanimi, salas\u00f5na, e-posti aadress, postiaadress, telefoninumber ja pangakonto number.<\/p>\n\n\n\n<p>11.3. Kaupleja t\u00f6\u00f6tleb Tarbija isikuandmeid Tarbija identifitseerimiseks, teenindamiseks, Toodete tellimuste vormistamiseks,&nbsp;arveldamiseks ning k\u00e4ttetoimetamiseks, sh Lepingu t\u00e4itmiseks v\u00f5i selle tagamiseks vajalike teadete saatmiseks v\u00f5i toimingute tegemiseks.<\/p>\n\n\n\n<p>11.4. Kaupleja ei edasta Tarbija isikuandmeid kolmandatele isikutele, v.a Kauba kohaletoimetamise teenust pakkuvale ettev\u00f5ttele, ulatuses, mis tagab vajaliku Kauba k\u00e4ttetoimetamise Tarbijale.<\/p>\n\n\n\n<p>11.4.1. Tarbijal on igal ajal \u00f5igus tutvuda v\u00f5i n\u00f5uda oma isikuandmete muutmist, t\u00e4psustamist ja nende t\u00f6\u00f6tlemise l\u00f5petamist v\u00f5i kustutamist vastavalt&nbsp;<a href=\"https:\/\/www.prismamarket.ee\/blog\/page\/data-register-extract\">isikuandmete kaitse seadusele<\/a>, v.a seadusega s\u00e4testatud juhtudel.<\/p>\n\n\n\n<p>11.4.2\u00a0Gemmon O\u00dc on isikuandmete vastutav t\u00f6\u00f6tleja, Gemmon O\u00dc edastab maksete teostamiseks vajalikud isikuandmed volitatud t\u00f6\u00f6tleja Maksekeskus AS-le.<\/p>\n\n\n\n<p>11.4.3 Privaatsuspoliitikaga saab tutvuda\u00a0lehel &#8211; Privaatsustingimused.<\/p>\n\n\n\n<ol start=\"12\" class=\"wp-block-list\">\n<li><strong>L\u00d5PPS\u00c4TTED<\/strong><\/li>\n<\/ol>\n\n\n\n<p>12.1. Kauplejal on \u00f5igus&nbsp;&nbsp;www.moonika.eu m\u00fc\u00fcgikeskkonna kasutamistingimusi \u00fchepoolselt ja etteteatamata muuta. Kasutamistingimuste t\u00e4iendused ja muudatused j\u00f5ustuvad nende avaldamise p\u00e4evast, kui t\u00e4iendustes ja muudatustes ei ole ette n\u00e4htud teisiti.<\/p>\n\n\n\n<p>12.2. Lepingu t\u00e4itmisest, muutmisest v\u00f5i l\u00f5petamisest tulenevaid erimeelsusi lahendavad Pooled l\u00e4bir\u00e4\u00e4kimiste teel.<\/p>\n\n\n\n<p>12.3. Kokkuleppe mittesaavutamisel on Tarbijal \u00f5igus vaidluse kohtuv\u00e4liseks lahendamiseks p\u00f6\u00f6rduda oma \u00f5iguste kaitseks Tarbijakaitseameti tarbijavaidluste komisjoni v\u00f5i Tarbijakaitseameti juures tegutseva Euroopa Liidu tarbija n\u00f5ustamiskeskusesse asjakohase&nbsp;<a href=\"http:\/\/ec.europa.eu\/odr\">ODR-platvormi<\/a>.<\/p>\n\n\n\n<p>12.4. Tarbija ja&nbsp;&nbsp;www.moonika.eu vahelistele \u00f5igussuhetele kohaldatakse Eesti Vabariigi \u00f5igusakte ja vaidlused lahendatakse Harju Maakohtus.<\/p>\n\n\n\n<p><strong>Makseviisid ja maksetingimused<\/strong><\/p>\n\n\n\n<p>www.moonika.eu Veebilehelt ostes on v\u00f5imalik kasutada j\u00e4rgnevaid makseviise:&nbsp;<\/p>\n\n\n\n<ol class=\"wp-block-list\">\n<li>Tasumine internetipangas&nbsp;<\/li>\n\n\n\n<li>Tasumine krediitkaardiga &nbsp;<\/li>\n<\/ol>\n\n\n\n<p>K\u00f5ik www.moonika.eu poolt pakutavad makseviisid on turvalised ja kr\u00fcpteeritud. Kogu www.moonika.eu ePoe Veebilehe ja Kasutaja arvuti vaheline andmeside on kr\u00fcpteeritud (SSL).<\/p>\n\n\n\n<p><strong>Kuidas toimub ostu sooritamine www.moonika.eu ePoe Veebilehel?<\/strong><\/p>\n\n\n\n<ol class=\"wp-block-list\">\n<li>Valige v\u00e4lja Kaubad ja lisage need ostukorvi;<\/li>\n<\/ol>\n\n\n\n<ol start=\"2\" class=\"wp-block-list\">\n<li>Sisestage ostja\/tellija andmed;<\/li>\n\n\n\n<li>Valige transpordiviis, m\u00e4rkides kuhu ja mismoodi soovite Kauba sihtpunkti kohaletoimetamist;<\/li>\n\n\n\n<li>Valige makseviis, m\u00e4rkides \u00e4ra, kuidas soovite Kauba eest tasuda;<\/li>\n\n\n\n<li>Kontrollige andmed ja &#8220;Kinnitage tellimus&#8221;;<\/li>\n\n\n\n<li>Sooritage makse, vastavalt Teie poolt eelnevalt tehtud valikule<\/li>\n<\/ol>\n\n\n\n<p><strong>Tasumine internetipangas<\/strong>&nbsp;<\/p>\n\n\n\n<p>Kui oled www.moonika.eu ePoe lehel lisanud kaubad ostukorvi ja valinud endale sobiva transpordiviisi ning valid seej\u00e4rel makseviisiks &#8220;Tasun internetipangas&#8221;, tuleb sul v\u00e4lja valida pangalink, millelt soovid makset teostada, seej\u00e4rel &#8220;Kinnitate tellimuse&#8221; peale mida suunab www.moonika.eu ePood teid valitud internetipanka, kus saate ostu eest tasuda.&nbsp;<\/p>\n\n\n\n<p>www.moonika.eu ePood toetab j\u00e4rgmisi pangalinke: Swedbank, SEB, LHV, Luminor ja Coop Pank.<\/p>\n\n\n\n<p><strong>Internetipangas tasumise tingimused:<\/strong><\/p>\n\n\n\n<ol class=\"wp-block-list\">\n<li>Pangalingiga tasumise j\u00e4rgselt pead vajutama nuppu &#8220;Tagasi kaupmehe juurde&#8221;.<\/li>\n<\/ol>\n\n\n\n<p><strong>Krediitkaardiga tasumise tingimused:<\/strong><\/p>\n\n\n\n<ol start=\"1\" class=\"wp-block-list\">\n<li>Kui sooritate www.moonika.eu ePoe veebilehelt ostu, siis v\u00f5imaldame teil makseviiside hulgast valida &#8220;Krediitkaardiga&#8221;. Peale Ostutellimuse kinnitamist suunatakse Teid maksmise lehele.<\/li>\n\n\n\n<li>Tellimust ei hakata t\u00e4itma enne kui kogu (100%) M\u00fc\u00fcgitellimuse ostusumma on laekunud www.moonika.eu maksevahendaja arvele.&nbsp;<\/li>\n<\/ol>\n\n\n\n<p><strong>Kinkekaardid ja sooduskoodid<\/strong>:<\/p>\n\n\n\n<ol class=\"wp-block-list\">\n<li>Kinkekaarte ja sooduskupongikoode saab kasutada\u00a0<a class=\"\" href=\"https:\/\/moonika.eu\/en\/\">www.moonika.eu<\/a>\u00a0e-poes ostude tegemiseks.<br>Kinkekaardid kehtivad maksevahendina kogu ostusumma v\u00f5i selle osa katmiseks. Kui ostusumma \u00fcletab kinkekaardi v\u00e4\u00e4rtuse, saab puuduj\u00e4\u00e4va summa tasuda valitud makseviisiga.<\/li>\n\n\n\n<li>Kupongikoodid kehtivad ainult m\u00e4rgitud toodetele ja perioodil, mis on kampaanias v\u00f5i kinkekaardi juures v\u00e4lja toodud.<br>Kinkekaart ei ole vahetatav rahaks ja seda ei h\u00fcvitata osaliselt kasutamisel.<\/li>\n\n\n\n<li>Gemmon O\u00dc j\u00e4tab endale \u00f5iguse t\u00fchistada kehtetud v\u00f5i pettuse teel saadud koodid.<\/li>\n<\/ol>","protected":false},"excerpt":{"rendered":"<p>WWW.MOONIKA.EU EPOE M\u00dc\u00dcGITINGIMUSED 1.1. K\u00e4esolevas dokumendis kasutatakse m\u00f5isteid j\u00e4rgmises t\u00e4henduses: 1.1.1.&nbsp;Tarbija&nbsp;\u2013 f\u00fc\u00fcsiline isik, kes tegutseb eesm\u00e4rgil, mis ei ole seotud tema majandus- v\u00f5i kutsetegevusega; 1.1.2.&nbsp;Kaupleja&nbsp;\u2013 juriidiline isik, kes tegutseb eesm\u00e4rgil, [&hellip;]<\/p>","protected":false},"author":2,"featured_media":0,"parent":0,"menu_order":0,"comment_status":"closed","ping_status":"closed","template":"","meta":{"_EventAllDay":false,"_EventTimezone":"","_EventStartDate":"","_EventEndDate":"","_EventStartDateUTC":"","_EventEndDateUTC":"","_EventShowMap":false,"_EventShowMapLink":false,"_EventURL":"","_EventCost":"","_EventCostDescription":"","_EventCurrencySymbol":"","_EventCurrencyCode":"","_EventCurrencyPosition":"","_EventDateTimeSeparator":"","_EventTimeRangeSeparator":"","_EventOrganizerID":[],"_EventVenueID":[],"_OrganizerEmail":"","_OrganizerPhone":"","_OrganizerWebsite":"","_VenueAddress":"","_VenueCity":"","_VenueCountry":"","_VenueProvince":"","_VenueState":"","_VenueZip":"","_VenuePhone":"","_VenueURL":"","_VenueStateProvince":"","_VenueLat":"","_VenueLng":"","_VenueShowMap":false,"_VenueShowMapLink":false,"footnotes":""},"class_list":["post-752","page","type-page","status-publish","hentry"],"aioseo_notices":[],"jetpack_sharing_enabled":true,"_links":{"self":[{"href":"https:\/\/moonika.eu\/en\/wp-json\/wp\/v2\/pages\/752","targetHints":{"allow":["GET"]}}],"collection":[{"href":"https:\/\/moonika.eu\/en\/wp-json\/wp\/v2\/pages"}],"about":[{"href":"https:\/\/moonika.eu\/en\/wp-json\/wp\/v2\/types\/page"}],"author":[{"embeddable":true,"href":"https:\/\/moonika.eu\/en\/wp-json\/wp\/v2\/users\/2"}],"replies":[{"embeddable":true,"href":"https:\/\/moonika.eu\/en\/wp-json\/wp\/v2\/comments?post=752"}],"version-history":[{"count":15,"href":"https:\/\/moonika.eu\/en\/wp-json\/wp\/v2\/pages\/752\/revisions"}],"predecessor-version":[{"id":833,"href":"https:\/\/moonika.eu\/en\/wp-json\/wp\/v2\/pages\/752\/revisions\/833"}],"wp:attachment":[{"href":"https:\/\/moonika.eu\/en\/wp-json\/wp\/v2\/media?parent=752"}],"curies":[{"name":"wp","href":"https:\/\/api.w.org\/{rel}","templated":true}]}}