{"id":70,"date":"2025-03-23T15:42:50","date_gmt":"2025-03-23T15:42:50","guid":{"rendered":"https:\/\/looming.gemmon.ee\/?page_id=70"},"modified":"2026-01-23T14:20:49","modified_gmt":"2026-01-23T14:20:49","slug":"minu-luuletused","status":"publish","type":"page","link":"https:\/\/moonika.eu\/en\/minu-luuletused\/","title":{"rendered":"Words in moments"},"content":{"rendered":"<div class=\"wp-block-group alignfull has-background-background-color has-background has-global-padding is-layout-constrained wp-container-core-group-is-layout-7276a2bb wp-block-group-is-layout-constrained\" style=\"margin-top:0;margin-bottom:0;padding-top:var(--wp--preset--spacing--60);padding-right:var(--wp--preset--spacing--30);padding-bottom:var(--wp--preset--spacing--60);padding-left:var(--wp--preset--spacing--30)\">\n<div class=\"wp-block-columns alignwide are-vertically-aligned-center is-layout-flex wp-container-core-columns-is-layout-47c06fe3 wp-block-columns-is-layout-flex\">\n<div class=\"wp-block-column is-vertically-aligned-center is-layout-flow wp-block-column-is-layout-flow\" style=\"flex-basis:60%\">\n<h2 class=\"wp-block-heading has-large-font-size\">Some words don\u2019t fit into books, but they find their place in the heart.<\/h2>\n\n\n\n<p>Here you can read them - poems, song lyrics, and small reflections from everyday moments.<br>Every word is written from the heart\u2026 to touch.<br>Loe neid rahus. V\u00f5ta kaasa see, mis sind k\u00f5netab.<\/p>\n\n\n\n<p>Words are sometimes like mirrors \u2013 they do not change us,<br>but help us see ourselves a little more clearly.<\/p>\n\n\n\n<p style=\"margin-top:16px\"><\/p>\n\n\n\n<p style=\"margin-top:16px\"><\/p>\n<\/div>\n\n\n\n<div class=\"wp-block-column is-vertically-aligned-center is-layout-flow wp-container-core-column-is-layout-f5bb311e wp-block-column-is-layout-flow\" style=\"flex-basis:50%\">\n<figure class=\"wp-block-image size-full\"><img decoding=\"async\" width=\"1536\" height=\"1024\" data-src=\"https:\/\/looming.gemmon.ee\/wp-content\/uploads\/2025\/04\/153FD1F3-8F24-4FC9-94B3-9E087ABAB84D-2.png\" alt=\"\" class=\"wp-image-546 lazyload\" style=\"--smush-placeholder-width: 1536px; --smush-placeholder-aspect-ratio: 1536\/1024;aspect-ratio:4\/3;object-fit:cover\" data-srcset=\"https:\/\/moonika.eu\/wp-content\/uploads\/2025\/04\/153FD1F3-8F24-4FC9-94B3-9E087ABAB84D-2.png 1536w, https:\/\/moonika.eu\/wp-content\/uploads\/2025\/04\/153FD1F3-8F24-4FC9-94B3-9E087ABAB84D-2-600x400.png 600w, https:\/\/moonika.eu\/wp-content\/uploads\/2025\/04\/153FD1F3-8F24-4FC9-94B3-9E087ABAB84D-2-300x200.png 300w, https:\/\/moonika.eu\/wp-content\/uploads\/2025\/04\/153FD1F3-8F24-4FC9-94B3-9E087ABAB84D-2-1024x683.png 1024w, https:\/\/moonika.eu\/wp-content\/uploads\/2025\/04\/153FD1F3-8F24-4FC9-94B3-9E087ABAB84D-2-768x512.png 768w, https:\/\/moonika.eu\/wp-content\/uploads\/2025\/04\/153FD1F3-8F24-4FC9-94B3-9E087ABAB84D-2-1320x880.png 1320w\" data-sizes=\"(max-width: 1536px) 100vw, 1536px\" src=\"data:image\/svg+xml;base64,PHN2ZyB3aWR0aD0iMSIgaGVpZ2h0PSIxIiB4bWxucz0iaHR0cDovL3d3dy53My5vcmcvMjAwMC9zdmciPjwvc3ZnPg==\" \/><\/figure>\n<\/div>\n<\/div>\n<\/div>\n\n\n\n<div class=\"wp-block-group alignfull has-tertiary-background-color has-background has-global-padding is-layout-constrained wp-block-group-is-layout-constrained\">\n<h2 class=\"wp-block-heading alignwide has-text-align-left\">My words<\/h2>\n\n\n\n<div data-wp-context=\"{}\" data-wp-interactive=\"core\/query\" data-wp-key=\"11\" data-wp-router-region=\"query-11\" class=\"wp-block-query alignwide is-layout-flow wp-block-query-is-layout-flow\"><ul class=\"wp-block-post-template is-layout-flow wp-container-core-post-template-is-layout-556587a2 wp-block-post-template-is-layout-flow\"><li data-wp-key=\"post-template-item-681\" class=\"wp-block-post post-681 post type-post status-publish format-standard hentry category-luuletused\">\n\n<div class=\"wp-block-group is-horizontal is-nowrap is-layout-flex wp-container-core-group-is-layout-578756f1 wp-block-group-is-layout-flex\" style=\"margin-top:var(--wp--preset--spacing--20);margin-bottom:var(--wp--preset--spacing--20)\">\n<p>\u2022<\/p>\n\n\n<h2 style=\"font-style:normal;font-weight:400; margin-top:0;margin-bottom:0;margin-left:0;margin-right:0;\" class=\"wp-block-post-title has-medium-font-size\"><a href=\"https:\/\/moonika.eu\/en\/et-kes-olen-who-am-i\/\" target=\"_blank\" >Et kes olen \/ Who am I<\/a><\/h2><\/div>\n\n<\/li><li data-wp-key=\"post-template-item-679\" class=\"wp-block-post post-679 post type-post status-publish format-standard hentry category-luuletused\">\n\n<div class=\"wp-block-group is-horizontal is-nowrap is-layout-flex wp-container-core-group-is-layout-578756f1 wp-block-group-is-layout-flex\" style=\"margin-top:var(--wp--preset--spacing--20);margin-bottom:var(--wp--preset--spacing--20)\">\n<p>\u2022<\/p>\n\n\n<h2 style=\"font-style:normal;font-weight:400; margin-top:0;margin-bottom:0;margin-left:0;margin-right:0;\" class=\"wp-block-post-title has-medium-font-size\"><a href=\"https:\/\/moonika.eu\/en\/ole-be\/\" target=\"_blank\" >Ole \/ Be<\/a><\/h2><\/div>\n\n<\/li><li data-wp-key=\"post-template-item-677\" class=\"wp-block-post post-677 post type-post status-publish format-standard hentry category-luuletused\">\n\n<div class=\"wp-block-group is-horizontal is-nowrap is-layout-flex wp-container-core-group-is-layout-578756f1 wp-block-group-is-layout-flex\" style=\"margin-top:var(--wp--preset--spacing--20);margin-bottom:var(--wp--preset--spacing--20)\">\n<p>\u2022<\/p>\n\n\n<h2 style=\"font-style:normal;font-weight:400; margin-top:0;margin-bottom:0;margin-left:0;margin-right:0;\" class=\"wp-block-post-title has-medium-font-size\"><a href=\"https:\/\/moonika.eu\/en\/lille-elu-the-life-of-a-flower\/\" target=\"_blank\" >Lille elu \/ The Life of a Flower<\/a><\/h2><\/div>\n\n<\/li><li data-wp-key=\"post-template-item-675\" class=\"wp-block-post post-675 post type-post status-publish format-standard hentry category-luuletused\">\n\n<div class=\"wp-block-group is-horizontal is-nowrap is-layout-flex wp-container-core-group-is-layout-578756f1 wp-block-group-is-layout-flex\" style=\"margin-top:var(--wp--preset--spacing--20);margin-bottom:var(--wp--preset--spacing--20)\">\n<p>\u2022<\/p>\n\n\n<h2 style=\"font-style:normal;font-weight:400; margin-top:0;margin-bottom:0;margin-left:0;margin-right:0;\" class=\"wp-block-post-title has-medium-font-size\"><a href=\"https:\/\/moonika.eu\/en\/ara-ole-uksi-dont-be-alone\/\" target=\"_blank\" >\u00c4ra ole \u00fcksi \/ Don\u2019t Be Alone<\/a><\/h2><\/div>\n\n<\/li><li data-wp-key=\"post-template-item-671\" class=\"wp-block-post post-671 post type-post status-publish format-standard hentry category-luuletused\">\n\n<div class=\"wp-block-group is-horizontal is-nowrap is-layout-flex wp-container-core-group-is-layout-578756f1 wp-block-group-is-layout-flex\" style=\"margin-top:var(--wp--preset--spacing--20);margin-bottom:var(--wp--preset--spacing--20)\">\n<p>\u2022<\/p>\n\n\n<h2 style=\"font-style:normal;font-weight:400; margin-top:0;margin-bottom:0;margin-left:0;margin-right:0;\" class=\"wp-block-post-title has-medium-font-size\"><a href=\"https:\/\/moonika.eu\/en\/elu-vikerkaarel-life-on-a-rainbow\/\" target=\"_blank\" >Elu vikerkaarel \/ Life on a Rainbow<\/a><\/h2><\/div>\n\n<\/li><li data-wp-key=\"post-template-item-669\" class=\"wp-block-post post-669 post type-post status-publish format-standard hentry category-luuletused\">\n\n<div class=\"wp-block-group is-horizontal is-nowrap is-layout-flex wp-container-core-group-is-layout-578756f1 wp-block-group-is-layout-flex\" style=\"margin-top:var(--wp--preset--spacing--20);margin-bottom:var(--wp--preset--spacing--20)\">\n<p>\u2022<\/p>\n\n\n<h2 style=\"font-style:normal;font-weight:400; margin-top:0;margin-bottom:0;margin-left:0;margin-right:0;\" class=\"wp-block-post-title has-medium-font-size\"><a href=\"https:\/\/moonika.eu\/en\/utle-kes-ma-olen-tell-me-who-i-am\/\" target=\"_blank\" >\u00dctle, kes ma olen \/ Tell Me Who I Am<\/a><\/h2><\/div>\n\n<\/li><li data-wp-key=\"post-template-item-667\" class=\"wp-block-post post-667 post type-post status-publish format-standard hentry category-luuletused\">\n\n<div class=\"wp-block-group is-horizontal is-nowrap is-layout-flex wp-container-core-group-is-layout-578756f1 wp-block-group-is-layout-flex\" style=\"margin-top:var(--wp--preset--spacing--20);margin-bottom:var(--wp--preset--spacing--20)\">\n<p>\u2022<\/p>\n\n\n<h2 style=\"font-style:normal;font-weight:400; margin-top:0;margin-bottom:0;margin-left:0;margin-right:0;\" class=\"wp-block-post-title has-medium-font-size\"><a href=\"https:\/\/moonika.eu\/en\/anna-andeks-aga-ma-lahen-forgive-me-but-let-me-go\/\" target=\"_blank\" >Anna andeks, aga ma l\u00e4hen \/ Forgive Me, but Let Me Go<\/a><\/h2><\/div>\n\n<\/li><li data-wp-key=\"post-template-item-665\" class=\"wp-block-post post-665 post type-post status-publish format-standard hentry category-luuletused\">\n\n<div class=\"wp-block-group is-horizontal is-nowrap is-layout-flex wp-container-core-group-is-layout-578756f1 wp-block-group-is-layout-flex\" style=\"margin-top:var(--wp--preset--spacing--20);margin-bottom:var(--wp--preset--spacing--20)\">\n<p>\u2022<\/p>\n\n\n<h2 style=\"font-style:normal;font-weight:400; margin-top:0;margin-bottom:0;margin-left:0;margin-right:0;\" class=\"wp-block-post-title has-medium-font-size\"><a href=\"https:\/\/moonika.eu\/en\/huljatud-inimene-the-abandoned-one\/\" target=\"_blank\" >H\u00fcljatud inimene \/\u00a0The Abandoned One<\/a><\/h2><\/div>\n\n<\/li><li data-wp-key=\"post-template-item-662\" class=\"wp-block-post post-662 post type-post status-publish format-standard hentry category-luuletused\">\n\n<div class=\"wp-block-group is-horizontal is-nowrap is-layout-flex wp-container-core-group-is-layout-578756f1 wp-block-group-is-layout-flex\" style=\"margin-top:var(--wp--preset--spacing--20);margin-bottom:var(--wp--preset--spacing--20)\">\n<p>\u2022<\/p>\n\n\n<h2 style=\"font-style:normal;font-weight:400; margin-top:0;margin-bottom:0;margin-left:0;margin-right:0;\" class=\"wp-block-post-title has-medium-font-size\"><a href=\"https:\/\/moonika.eu\/en\/tule-ja-roovi-mu-uksindus-come-and-steal-my-loneliness\/\" target=\"_blank\" >Tule ja r\u00f6\u00f6vi mu \u00fcksindus \/ Come and Steal My Loneliness<\/a><\/h2><\/div>\n\n<\/li><li data-wp-key=\"post-template-item-660\" class=\"wp-block-post post-660 post type-post status-publish format-standard hentry category-luuletused\">\n\n<div class=\"wp-block-group is-horizontal is-nowrap is-layout-flex wp-container-core-group-is-layout-578756f1 wp-block-group-is-layout-flex\" style=\"margin-top:var(--wp--preset--spacing--20);margin-bottom:var(--wp--preset--spacing--20)\">\n<p>\u2022<\/p>\n\n\n<h2 style=\"font-style:normal;font-weight:400; margin-top:0;margin-bottom:0;margin-left:0;margin-right:0;\" class=\"wp-block-post-title has-medium-font-size\"><a href=\"https:\/\/moonika.eu\/en\/armsam-mine-go-my-love\/\" target=\"_blank\" >Armsam mine \/ Go, My Love<\/a><\/h2><\/div>\n\n<\/li><li data-wp-key=\"post-template-item-658\" class=\"wp-block-post post-658 post type-post status-publish format-standard hentry category-luuletused\">\n\n<div class=\"wp-block-group is-horizontal is-nowrap is-layout-flex wp-container-core-group-is-layout-578756f1 wp-block-group-is-layout-flex\" style=\"margin-top:var(--wp--preset--spacing--20);margin-bottom:var(--wp--preset--spacing--20)\">\n<p>\u2022<\/p>\n\n\n<h2 style=\"font-style:normal;font-weight:400; margin-top:0;margin-bottom:0;margin-left:0;margin-right:0;\" class=\"wp-block-post-title has-medium-font-size\"><a href=\"https:\/\/moonika.eu\/en\/miks-ikka-veel-why-still\/\" target=\"_blank\" >Miks ikka veel \/ Why Still\u2026<\/a><\/h2><\/div>\n\n<\/li><li data-wp-key=\"post-template-item-656\" class=\"wp-block-post post-656 post type-post status-publish format-standard hentry category-uncategorized\">\n\n<div class=\"wp-block-group is-horizontal is-nowrap is-layout-flex wp-container-core-group-is-layout-578756f1 wp-block-group-is-layout-flex\" style=\"margin-top:var(--wp--preset--spacing--20);margin-bottom:var(--wp--preset--spacing--20)\">\n<p>\u2022<\/p>\n\n\n<h2 style=\"font-style:normal;font-weight:400; margin-top:0;margin-bottom:0;margin-left:0;margin-right:0;\" class=\"wp-block-post-title has-medium-font-size\"><a href=\"https:\/\/moonika.eu\/en\/valel-on-luhikesed-jalad-the-truth-runs-further-than-lies\/\" target=\"_blank\" >Valel on l\u00fchikesed jalad \/ The Truth Runs Further than Lies<\/a><\/h2><\/div>\n\n<\/li><li data-wp-key=\"post-template-item-654\" class=\"wp-block-post post-654 post type-post status-publish format-standard hentry category-luuletused\">\n\n<div class=\"wp-block-group is-horizontal is-nowrap is-layout-flex wp-container-core-group-is-layout-578756f1 wp-block-group-is-layout-flex\" style=\"margin-top:var(--wp--preset--spacing--20);margin-bottom:var(--wp--preset--spacing--20)\">\n<p>\u2022<\/p>\n\n\n<h2 style=\"font-style:normal;font-weight:400; margin-top:0;margin-bottom:0;margin-left:0;margin-right:0;\" class=\"wp-block-post-title has-medium-font-size\"><a href=\"https:\/\/moonika.eu\/en\/nagu-vangistatu-like-a-captive\/\" target=\"_blank\" >Nagu vangistatu \/ Like a Captive<\/a><\/h2><\/div>\n\n<\/li><li data-wp-key=\"post-template-item-652\" class=\"wp-block-post post-652 post type-post status-publish format-standard hentry category-luuletused\">\n\n<div class=\"wp-block-group is-horizontal is-nowrap is-layout-flex wp-container-core-group-is-layout-578756f1 wp-block-group-is-layout-flex\" style=\"margin-top:var(--wp--preset--spacing--20);margin-bottom:var(--wp--preset--spacing--20)\">\n<p>\u2022<\/p>\n\n\n<h2 style=\"font-style:normal;font-weight:400; margin-top:0;margin-bottom:0;margin-left:0;margin-right:0;\" class=\"wp-block-post-title has-medium-font-size\"><a href=\"https:\/\/moonika.eu\/en\/luba-mul-jaada-kauemaks-let-me-stay-a-little-longer\/\" target=\"_blank\" >Luba mul j\u00e4\u00e4da kauemaks \/ Let Me Stay a Little Longer<\/a><\/h2><\/div>\n\n<\/li><li data-wp-key=\"post-template-item-605\" class=\"wp-block-post post-605 post type-post status-publish format-standard hentry category-luuletused\">\n\n<div class=\"wp-block-group is-horizontal is-nowrap is-layout-flex wp-container-core-group-is-layout-578756f1 wp-block-group-is-layout-flex\" style=\"margin-top:var(--wp--preset--spacing--20);margin-bottom:var(--wp--preset--spacing--20)\">\n<p>\u2022<\/p>\n\n\n<h2 style=\"font-style:normal;font-weight:400; margin-top:0;margin-bottom:0;margin-left:0;margin-right:0;\" class=\"wp-block-post-title has-medium-font-size\"><a href=\"https:\/\/moonika.eu\/en\/armastus-minu-sudames\/\" target=\"_blank\" >Armastus minu s\u00fcdames \/ This Love in My Heart<\/a><\/h2><\/div>\n\n<\/li><li data-wp-key=\"post-template-item-603\" class=\"wp-block-post post-603 post type-post status-publish format-standard hentry category-luuletused\">\n\n<div class=\"wp-block-group is-horizontal is-nowrap is-layout-flex wp-container-core-group-is-layout-578756f1 wp-block-group-is-layout-flex\" style=\"margin-top:var(--wp--preset--spacing--20);margin-bottom:var(--wp--preset--spacing--20)\">\n<p>\u2022<\/p>\n\n\n<h2 style=\"font-style:normal;font-weight:400; margin-top:0;margin-bottom:0;margin-left:0;margin-right:0;\" class=\"wp-block-post-title has-medium-font-size\"><a href=\"https:\/\/moonika.eu\/en\/salaja-sinule\/\" target=\"_blank\" >Salaja sinule \/ Secretly, To You<\/a><\/h2><\/div>\n\n<\/li><li data-wp-key=\"post-template-item-601\" class=\"wp-block-post post-601 post type-post status-publish format-standard hentry category-luuletused\">\n\n<div class=\"wp-block-group is-horizontal is-nowrap is-layout-flex wp-container-core-group-is-layout-578756f1 wp-block-group-is-layout-flex\" style=\"margin-top:var(--wp--preset--spacing--20);margin-bottom:var(--wp--preset--spacing--20)\">\n<p>\u2022<\/p>\n\n\n<h2 style=\"font-style:normal;font-weight:400; margin-top:0;margin-bottom:0;margin-left:0;margin-right:0;\" class=\"wp-block-post-title has-medium-font-size\"><a href=\"https:\/\/moonika.eu\/en\/koikjal-ainult-sina\/\" target=\"_blank\" >K\u00f5ikjal ainult sina \/ You, Only You<\/a><\/h2><\/div>\n\n<\/li><li data-wp-key=\"post-template-item-596\" class=\"wp-block-post post-596 post type-post status-publish format-standard hentry category-luuletused\">\n\n<div class=\"wp-block-group is-horizontal is-nowrap is-layout-flex wp-container-core-group-is-layout-578756f1 wp-block-group-is-layout-flex\" style=\"margin-top:var(--wp--preset--spacing--20);margin-bottom:var(--wp--preset--spacing--20)\">\n<p>\u2022<\/p>\n\n\n<h2 style=\"font-style:normal;font-weight:400; margin-top:0;margin-bottom:0;margin-left:0;margin-right:0;\" class=\"wp-block-post-title has-medium-font-size\"><a href=\"https:\/\/moonika.eu\/en\/mineviku-meenutused\/\" target=\"_blank\" >Mineviku meenutused \/ Memories of the Past<\/a><\/h2><\/div>\n\n<\/li><li data-wp-key=\"post-template-item-590\" class=\"wp-block-post post-590 post type-post status-publish format-standard hentry category-luuletused\">\n\n<div class=\"wp-block-group is-horizontal is-nowrap is-layout-flex wp-container-core-group-is-layout-578756f1 wp-block-group-is-layout-flex\" style=\"margin-top:var(--wp--preset--spacing--20);margin-bottom:var(--wp--preset--spacing--20)\">\n<p>\u2022<\/p>\n\n\n<h2 style=\"font-style:normal;font-weight:400; margin-top:0;margin-bottom:0;margin-left:0;margin-right:0;\" class=\"wp-block-post-title has-medium-font-size\"><a href=\"https:\/\/moonika.eu\/en\/valge-liblika-lend-ule-viinamarjamae\/\" target=\"_blank\" >Valge liblika lend \/ The Flight of the White Butterfly<\/a><\/h2><\/div>\n\n<\/li><\/ul>\n\n\n\n<\/div>\n<\/div>\n\n\n\n<p style=\"margin-top:16px\">If my words speak to you and you'd like to include them in a creative project \u2013 whether in a song, a book, a printed piece or on stage \u2013 please reach out to me beforehand.<\/p>","protected":false},"excerpt":{"rendered":"<p>M\u00f5ned s\u00f5nad ei mahu raamatusse, aga mahuvad s\u00fcdamesse. Siin saad neid lugeda &#8211; luuletusi, laulus\u00f5nu ja v\u00e4ikeseid hetkem\u00f5tteid.Iga s\u00f5na on kirjutatud s\u00fcdamest\u2026 selleks, et puudutada.Loe neid rahus. V\u00f5ta kaasa see, [&hellip;]<\/p>","protected":false},"author":1,"featured_media":0,"parent":0,"menu_order":0,"comment_status":"closed","ping_status":"closed","template":"no-title","meta":{"_EventAllDay":false,"_EventTimezone":"","_EventStartDate":"","_EventEndDate":"","_EventStartDateUTC":"","_EventEndDateUTC":"","_EventShowMap":false,"_EventShowMapLink":false,"_EventURL":"","_EventCost":"","_EventCostDescription":"","_EventCurrencySymbol":"","_EventCurrencyCode":"","_EventCurrencyPosition":"","_EventDateTimeSeparator":"","_EventTimeRangeSeparator":"","_EventOrganizerID":[],"_EventVenueID":[],"_OrganizerEmail":"","_OrganizerPhone":"","_OrganizerWebsite":"","_VenueAddress":"","_VenueCity":"","_VenueCountry":"","_VenueProvince":"","_VenueState":"","_VenueZip":"","_VenuePhone":"","_VenueURL":"","_VenueStateProvince":"","_VenueLat":"","_VenueLng":"","_VenueShowMap":false,"_VenueShowMapLink":false,"footnotes":""},"class_list":["post-70","page","type-page","status-publish","hentry"],"aioseo_notices":[],"jetpack_sharing_enabled":true,"_links":{"self":[{"href":"https:\/\/moonika.eu\/en\/wp-json\/wp\/v2\/pages\/70","targetHints":{"allow":["GET"]}}],"collection":[{"href":"https:\/\/moonika.eu\/en\/wp-json\/wp\/v2\/pages"}],"about":[{"href":"https:\/\/moonika.eu\/en\/wp-json\/wp\/v2\/types\/page"}],"author":[{"embeddable":true,"href":"https:\/\/moonika.eu\/en\/wp-json\/wp\/v2\/users\/1"}],"replies":[{"embeddable":true,"href":"https:\/\/moonika.eu\/en\/wp-json\/wp\/v2\/comments?post=70"}],"version-history":[{"count":28,"href":"https:\/\/moonika.eu\/en\/wp-json\/wp\/v2\/pages\/70\/revisions"}],"predecessor-version":[{"id":1249,"href":"https:\/\/moonika.eu\/en\/wp-json\/wp\/v2\/pages\/70\/revisions\/1249"}],"wp:attachment":[{"href":"https:\/\/moonika.eu\/en\/wp-json\/wp\/v2\/media?parent=70"}],"curies":[{"name":"wp","href":"https:\/\/api.w.org\/{rel}","templated":true}]}}