{"id":26,"date":"2025-03-19T16:34:38","date_gmt":"2025-03-19T16:34:38","guid":{"rendered":"https:\/\/looming.gemmon.ee\/avaleht\/"},"modified":"2025-06-12T14:43:05","modified_gmt":"2025-06-12T14:43:05","slug":"avaleht","status":"publish","type":"page","link":"https:\/\/moonika.eu\/en\/","title":{"rendered":"Home"},"content":{"rendered":"<div class=\"wp-block-group alignfull has-background-background-color has-background has-global-padding is-layout-constrained wp-container-core-group-is-layout-ad5a3923 wp-block-group-is-layout-constrained\" style=\"margin-top:0;margin-bottom:0;padding-top:var(--wp--preset--spacing--40);padding-right:var(--wp--preset--spacing--30);padding-bottom:var(--wp--preset--spacing--60);padding-left:var(--wp--preset--spacing--30)\">\n<div class=\"wp-block-columns alignwide are-vertically-aligned-center is-layout-flex wp-container-core-columns-is-layout-7fc3d43a wp-block-columns-is-layout-flex\">\n<div class=\"wp-block-column is-vertically-aligned-center is-layout-flow wp-block-column-is-layout-flow\" style=\"flex-basis:66.66%\">\n<div class=\"wp-block-cover is-light\" style=\"padding-top:var(--wp--preset--spacing--60);padding-bottom:var(--wp--preset--spacing--60);min-height:100%;aspect-ratio:unset;\"><img decoding=\"async\" width=\"1024\" height=\"683\" class=\"wp-block-cover__image-background wp-image-721 size-large lazyload\" alt=\"\" data-src=\"https:\/\/moonika.eu\/wp-content\/uploads\/2025\/04\/D2F3BCC7-0181-4981-9F7A-3A33663AF84A-1024x683.png\" data-object-fit=\"cover\" data-srcset=\"https:\/\/moonika.eu\/wp-content\/uploads\/2025\/04\/D2F3BCC7-0181-4981-9F7A-3A33663AF84A-1024x683.png 1024w, https:\/\/moonika.eu\/wp-content\/uploads\/2025\/04\/D2F3BCC7-0181-4981-9F7A-3A33663AF84A-300x200.png 300w, https:\/\/moonika.eu\/wp-content\/uploads\/2025\/04\/D2F3BCC7-0181-4981-9F7A-3A33663AF84A-768x512.png 768w, https:\/\/moonika.eu\/wp-content\/uploads\/2025\/04\/D2F3BCC7-0181-4981-9F7A-3A33663AF84A-18x12.png 18w, https:\/\/moonika.eu\/wp-content\/uploads\/2025\/04\/D2F3BCC7-0181-4981-9F7A-3A33663AF84A-1320x880.png 1320w, https:\/\/moonika.eu\/wp-content\/uploads\/2025\/04\/D2F3BCC7-0181-4981-9F7A-3A33663AF84A-600x400.png 600w, https:\/\/moonika.eu\/wp-content\/uploads\/2025\/04\/D2F3BCC7-0181-4981-9F7A-3A33663AF84A.png 1536w\" data-sizes=\"(max-width: 1024px) 100vw, 1024px\" src=\"data:image\/svg+xml;base64,PHN2ZyB3aWR0aD0iMSIgaGVpZ2h0PSIxIiB4bWxucz0iaHR0cDovL3d3dy53My5vcmcvMjAwMC9zdmciPjwvc3ZnPg==\" style=\"--smush-placeholder-width: 1024px; --smush-placeholder-aspect-ratio: 1024\/683;\" \/><span aria-hidden=\"true\" class=\"wp-block-cover__background has-background-dim-0 has-background-dim\" style=\"background-color:#c1ae84\"><\/span><div class=\"wp-block-cover__inner-container has-global-padding is-layout-constrained wp-block-cover-is-layout-constrained\">\n<div style=\"height:320px\" aria-hidden=\"true\" class=\"wp-block-spacer\"><\/div>\n<\/div><\/div>\n<\/div>\n\n\n\n<div class=\"wp-block-column is-vertically-aligned-center has-background-background-color has-background is-layout-flow wp-block-column-is-layout-flow\" style=\"flex-basis:33.33%\">\n<h1 class=\"wp-block-heading alignwide has-text-align-left has-x-large-font-size\"><em><strong>Welcome<\/strong>&nbsp;<strong>to my world!<\/strong><\/em><\/h1>\n\n\n\n<p class=\"has-text-align-left\" style=\"margin-top:16px\">Here is my art \u2013 words and colors.<br>Everything was born from the heart.<br>I hope you find something you love.<\/p>\n\n\n\n<div class=\"wp-block-buttons is-content-justification-left is-layout-flex wp-container-core-buttons-is-layout-3535db69 wp-block-buttons-is-layout-flex\" style=\"margin-top:var(--wp--preset--spacing--30)\">\n<div class=\"wp-block-button\"><a class=\"wp-block-button__link wp-element-button\" href=\"https:\/\/moonika.eu\/en\/meist\/\">Discover more<\/a><\/div>\n<\/div>\n<\/div>\n<\/div>\n<\/div>\n\n\n\n<div class=\"wp-block-group alignfull has-background-background-color has-background has-global-padding is-layout-constrained wp-container-core-group-is-layout-7276a2bb wp-block-group-is-layout-constrained\" id=\"minust\" style=\"margin-top:0;margin-bottom:0;padding-top:var(--wp--preset--spacing--60);padding-right:var(--wp--preset--spacing--30);padding-bottom:var(--wp--preset--spacing--60);padding-left:var(--wp--preset--spacing--30)\">\n<h2 class=\"wp-block-heading has-text-align-center has-large-font-size\">Thank you for being here<\/h2>\n\n\n\n<p class=\"has-text-align-center\" style=\"margin-top:16px\">I hope you find something here that touches you \u2014 whether it\u2019s a word, a painting, or a feeling.<br>Happy exploring\u2026<br><\/p>\n<\/div>\n\n\n\n<p><\/p>\n\n\n\n<div class=\"wp-block-group alignfull has-background-background-color has-background has-global-padding is-layout-constrained wp-container-core-group-is-layout-7276a2bb wp-block-group-is-layout-constrained\" style=\"margin-top:0;margin-bottom:0;padding-top:var(--wp--preset--spacing--60);padding-right:var(--wp--preset--spacing--30);padding-bottom:var(--wp--preset--spacing--60);padding-left:var(--wp--preset--spacing--30)\">\n<h2 class=\"wp-block-heading alignwide has-text-align-center\">See you in my creations and in real life<\/h2>\n<\/div>\n\n\n\n<p><\/p>","protected":false},"excerpt":{"rendered":"<p>Tere&nbsp;tulemast minu maailma! Siin on minu looming \u2013 s\u00f5nad ja v\u00e4rvid.K\u00f5ik on s\u00fcndinud s\u00fcdamest.Loodan, et leiad endale midagi meelep\u00e4rast. Ait\u00e4h, et oled siin Loodan, et leiad siit midagi, mis puudutab [&hellip;]<\/p>","protected":false},"author":1,"featured_media":0,"parent":0,"menu_order":0,"comment_status":"closed","ping_status":"closed","template":"no-title","meta":{"_EventAllDay":false,"_EventTimezone":"","_EventStartDate":"","_EventEndDate":"","_EventStartDateUTC":"","_EventEndDateUTC":"","_EventShowMap":false,"_EventShowMapLink":false,"_EventURL":"","_EventCost":"","_EventCostDescription":"","_EventCurrencySymbol":"","_EventCurrencyCode":"","_EventCurrencyPosition":"","_EventDateTimeSeparator":"","_EventTimeRangeSeparator":"","_EventOrganizerID":[],"_EventVenueID":[],"_OrganizerEmail":"","_OrganizerPhone":"","_OrganizerWebsite":"","_VenueAddress":"","_VenueCity":"","_VenueCountry":"","_VenueProvince":"","_VenueState":"","_VenueZip":"","_VenuePhone":"","_VenueURL":"","_VenueStateProvince":"","_VenueLat":"","_VenueLng":"","_VenueShowMap":false,"_VenueShowMapLink":false,"footnotes":""},"class_list":["post-26","page","type-page","status-publish","hentry"],"aioseo_notices":[],"jetpack_sharing_enabled":true,"_links":{"self":[{"href":"https:\/\/moonika.eu\/en\/wp-json\/wp\/v2\/pages\/26","targetHints":{"allow":["GET"]}}],"collection":[{"href":"https:\/\/moonika.eu\/en\/wp-json\/wp\/v2\/pages"}],"about":[{"href":"https:\/\/moonika.eu\/en\/wp-json\/wp\/v2\/types\/page"}],"author":[{"embeddable":true,"href":"https:\/\/moonika.eu\/en\/wp-json\/wp\/v2\/users\/1"}],"replies":[{"embeddable":true,"href":"https:\/\/moonika.eu\/en\/wp-json\/wp\/v2\/comments?post=26"}],"version-history":[{"count":25,"href":"https:\/\/moonika.eu\/en\/wp-json\/wp\/v2\/pages\/26\/revisions"}],"predecessor-version":[{"id":1007,"href":"https:\/\/moonika.eu\/en\/wp-json\/wp\/v2\/pages\/26\/revisions\/1007"}],"wp:attachment":[{"href":"https:\/\/moonika.eu\/en\/wp-json\/wp\/v2\/media?parent=26"}],"curies":[{"name":"wp","href":"https:\/\/api.w.org\/{rel}","templated":true}]}}